{"id":896,"date":"2014-11-16T19:50:00","date_gmt":"2014-11-16T19:50:00","guid":{"rendered":"http:\/\/www.friedrich-spee-realschule-plus.de\/?page_id=896"},"modified":"2023-06-11T13:52:40","modified_gmt":"2023-06-11T11:52:40","slug":"berufsorientierung-links","status":"publish","type":"page","link":"https:\/\/www.friedrich-spee-realschule-plus.de\/?page_id=896","title":{"rendered":"Berufsorientierung &#8211; Links"},"content":{"rendered":"\n<p>Im Folgenden findet Ihr Links zu verschiedenen Institutionen und Seiten bez\u00fcglich Eurer beruflichen Zukunft.<\/p>\n\n\n\n<hr class=\"wp-block-separator has-css-opacity\"\/>\n\n\n\n<h1 class=\"wp-block-heading\">Jobb\u00f6rse.de<\/h1>\n\n\n\n<p><strong>Ausbildung finden<\/strong>:\u00a0<a href=\"https:\/\/www.jobb\u00f6rse-stellenangebote.de\/ausbildung\/\" target=\"_blank\" rel=\"noreferrer noopener\">https:\/\/www.jobb\u00f6rse-stellenangebote.de\/ausbildung\/<\/a><br><strong>Praktikum finden<\/strong>:\u00a0<a href=\"https:\/\/www.jobb\u00f6rse-stellenangebote.de\/praktikum\/\" target=\"_blank\" rel=\"noreferrer noopener\">https:\/\/www.jobb\u00f6rse-stellenangebote.de\/praktikum\/<\/a><br><strong>Berufsorientierung<\/strong>: <a href=\"https:\/\/www.jobb\u00f6rse-stellenangebote.de\/berufsbereich\/\" target=\"_blank\" rel=\"noreferrer noopener\">https:\/\/www.jobb\u00f6rse-stellenangebote.de\/berufsbereich\/<\/a><br><strong>Stellenangebote<\/strong>: <a href=\"https:\/\/www.jobb\u00f6rse.de\/\" target=\"_blank\" rel=\"noreferrer noopener\">https:\/\/www.jobb\u00f6rse.de\/<\/a><\/p>\n\n\n\n<hr class=\"wp-block-separator has-css-opacity\"\/>\n\n\n\n<h1 class=\"wp-block-heading\">Duale Berufsausbildung<\/h1>\n\n\n\n<p>Diese Brosch\u00fcre gibt einen guten \u00dcberblick \u00fcber das System der dualen Berufsausbildung in Deutschland.<\/p>\n\n\n\n<p>Hier kannst Du die Brosch\u00fcre mit allen wichtigen Informationen downloaden.<\/p>\n\n\n<a class=\"maxbutton-2 maxbutton maxbutton-link\" target=\"_blank\" title=\"Brosch\u00fcre Duale Berufsausbildung\" rel=\"nofollow noopener\" href=\"https:\/\/www.friedrich-spee-realschule-plus.de\/wp-content\/uploads\/2017\/10\/2017-BMBF_Duale_Berufsausbildung.pdf\"><span class='mb-text'>Brosch\u00fcre Duale Berufsausbildung<\/span><\/a>\n\n\n\n<hr class=\"wp-block-separator has-css-opacity\"\/>\n\n\n\n<h1 class=\"wp-block-heading\">Schule und dann?<\/h1>\n\n\n\n<p>Bevor andere \u00fcber deine Zukunft entscheiden \u2013 lieber selbst aktiv werden!<br>Finde heraus, was das Beste f\u00fcr dich ist \u2013 ob Ausbildung, weiter Schule oder sinnvolle Alternative!<br>Ich unterst\u00fctze dich und deine Eltern gerne dabei!<\/p>\n\n\n\n<p>Hier kannst Du meinen Flyer mit allen wichtigen Informationen downloaden.<\/p>\n\n\n<a class=\"maxbutton-2 maxbutton maxbutton-link\" target=\"_blank\" title=\"Info-Flyer von Frau Hoffmann\" rel=\"nofollow noopener\" href=\"https:\/\/www.friedrich-spee-realschule-plus.de\/wp-content\/uploads\/2017\/08\/2017.08-Berufsberatung-Frau-Hoffmann.pdf\"><span class='mb-text'>Info-Flyer von Frau Hoffmann<\/span><\/a>\n\n\n\n<p>Berufsberatung der Agentur f\u00fcr Arbeit Bernkastel-Kues<br>Dorothee Hoffmann<\/p>\n\n\n\n<hr class=\"wp-block-separator has-css-opacity\"\/>\n\n\n\n<h1 class=\"wp-block-heading\">Bewerbung f\u00fcr Azubis: So schreibst du eine erfolgreiche Bewerbung<\/h1>\n\n\n\n<h2 class=\"wp-block-heading\"><a href=\"https:\/\/www.peopleatventure.de\" target=\"_blank\" rel=\"noopener noreferrer\">www.peopleatventure.de<\/a><\/h2>\n\n\n\n<p>Kostenloser Ratgeber zum Thema Bewerbung f\u00fcr Azubis.<\/p>\n\n\n<a class=\"maxbutton-2 maxbutton maxbutton-link\" target=\"_blank\" title=\"Kostenloses E-Book\" rel=\"nofollow noopener\" href=\"https:\/\/www.peopleatventure.de\/images\/pdf\/ebook_fuer_azubis.pdf\"><span class='mb-text'>Kostenloses E-Book<\/span><\/a>\n\n\n\n<hr class=\"wp-block-separator has-css-opacity\"\/>\n\n\n\n<h1 class=\"wp-block-heading\">Praktikumsplatzsuche \/ Ausbildungsplatzsuche<\/h1>\n\n\n\n<h2 class=\"wp-block-heading\">&nbsp;<a href=\"http:\/\/www.planet-beruf.de\" target=\"_blank\" rel=\"noopener noreferrer\">www.planet-beruf.de<\/a><\/h2>\n\n\n\n<p>Interessante Seite die viele Informationen zum Thema Berufe, Praktika und Bewerbung enth\u00e4lt.<\/p>\n\n\n<a class=\"maxbutton-2 maxbutton maxbutton-link\" target=\"_blank\" title=\"planet-beruf.de\" rel=\"nofollow noopener\" href=\"http:\/\/www.planet-beruf.de\/\"><span class='mb-text'>planet-beruf.de<\/span><\/a>\n\n\n\n<hr class=\"wp-block-separator has-css-opacity\"\/>\n\n\n\n<h2 class=\"wp-block-heading\">&nbsp;<\/h2>\n\n\n\n<h2 class=\"wp-block-heading\">IfT&nbsp;&#8211; Institut f\u00fcr Talententwicklung<\/h2>\n\n\n\n<p>Seit Fr\u00fchjahr 2015 steht Dir hier eine Datenbank zur Verf\u00fcgung, die Dir die Suche nach einem Praktikum erleichtern wird.<\/p>\n\n\n<a class=\"maxbutton-2 maxbutton maxbutton-link\" target=\"_blank\" title=\"IfT - Praktikums-B\u00f6rse\" rel=\"nofollow noopener\" href=\"javascript:void(0);\"><span class='mb-text'>IfT - Praktikums-B\u00f6rse<\/span><\/a>\n\n\n\n<hr class=\"wp-block-separator has-css-opacity\"\/>\n\n\n\n<h2 class=\"wp-block-heading\">IHK &#8211; Lehrstellenb\u00f6rse<\/h2>\n\n\n\n<p>Hier findest Du Deinen Ausbildungsplatz. Suche in Deiner Region oder bundesweit nach Deinem Wunschberuf und dem passenden Ausbildungsbetrieb&#8230;.<\/p>\n\n\n<a class=\"maxbutton-2 maxbutton maxbutton-link\" target=\"_blank\" title=\"IHK - Lehrstellenb\u00f6rse\" rel=\"nofollow noopener\" href=\"https:\/\/www.ihk-lehrstellenboerse.de\/\"><span class='mb-text'>IHK - Lehrstellenb\u00f6rse<\/span><\/a>\n\n\n\n<hr class=\"wp-block-separator has-css-opacity\"\/>\n\n\n\n<h2 class=\"wp-block-heading\">IHK-Trier &#8211; Ausbildungsatlas- und Praktikumsatlas<\/h2>\n\n\n\n<p>Mehr Transparenz \u00fcber die Ausbildungsm\u00f6glichkeiten in der Region Trier mit dem Ausbildungsatlas der IHK Trier&#8230;.<\/p>\n\n\n<a class=\"maxbutton-2 maxbutton maxbutton-link\" target=\"_blank\" title=\"IHK-Trier - Ausbildungsatlas- und Praktikumsatlas\" rel=\"nofollow noopener\" href=\"http:\/\/www.ihk-trier.de\/p\/Ausbildungs_und_Praktikumsatlas-1116.html\"><span class='mb-text'>IHK-Trier - Ausbildungsatlas- und Praktikumsatlas<\/span><\/a>\n\n\n\n<hr class=\"wp-block-separator has-css-opacity\"\/>\n\n\n\n<h2 class=\"wp-block-heading\">hwk-Trier &#8211; Ausbildungsatlas- und Praktikumsatlas<\/h2>\n\n\n\n<p>Nach der \u00fcberaus positiven Resonanz der Vorjahre m\u00f6chte die Handwerkskammer Trier wieder mit dem vorliegenden Ausbildungsatlas allen interessierten Jugendlichen, aber auch Eltern, Lehrern, Institutionen usw. eine regionalisierte \u00dcbersicht \u00fcber das handwerkliche Ausbildungsangebot geben&#8230;..<\/p>\n\n\n<a class=\"maxbutton-2 maxbutton maxbutton-link\" target=\"_blank\" title=\"hwk-Trier - Ausbildungs- und Praktikantenatlas\" rel=\"nofollow noopener\" href=\"https:\/\/www.hwk-trier.de\/downloads\/ausbildungs-und-praktikantenatlas-54,68.pdf\"><span class='mb-text'>hwk-Trier - Ausbildungs- und Praktikantenatlas<\/span><\/a>\n\n\n\n<hr class=\"wp-block-separator has-css-opacity\"\/>\n\n\n\n<h2 class=\"wp-block-heading\">Landwirtschaftskammer&nbsp;&#8211; Ausbildungsb\u00f6rse<\/h2>\n\n\n\n<p>Suchen Sie einen Ausbildungsplatz in einem &#8218;Gr\u00fcnen Beruf&#8216;?<br>Nutzen Sie dazu die Ausbildungsb\u00f6rse der Landwirtschaftskammer!<\/p>\n\n\n<a class=\"maxbutton-2 maxbutton maxbutton-link\" target=\"_blank\" title=\"Landwirtschaftskammer Ausbildungsb\u00f6rse\" rel=\"nofollow noopener\" href=\"https:\/\/www.lwk-rlp.de\/de\/bildung\/ausbildungsboerse-jobboerse\/beruf-suchen\/\"><span class='mb-text'>Landwirtschaftskammer Ausbildungsb\u00f6rse<\/span><\/a>\n\n\n\n<hr class=\"wp-block-separator has-css-opacity\"\/>\n\n\n\n<h1 class=\"wp-block-heading\">&nbsp;<\/h1>\n\n\n\n<h1 class=\"wp-block-heading\">Infos zu Berufen &#8211; Schulen &#8211; Studieng\u00e4ngen<\/h1>\n\n\n\n<h2 class=\"wp-block-heading\">&nbsp;<\/h2>\n\n\n\n<h2 class=\"wp-block-heading\">Initiative \u201eViele Wege f\u00fchren nach vorn\u201c<\/h2>\n\n\n\n<p>Im Laufe eines Lebens stehen immer wieder wichtige pers\u00f6nliche Bildungsentscheidungen an. H\u00e4ufig brauchen junge Menschen bei diesen Entscheidungen Rat und Unterst\u00fctzung. Rheinland-Pfalz bietet ihnen mit einer leistungsf\u00e4higen und aufstiegsorientierten Bildungslandschaft vielf\u00e4ltige Chancen, die auf dieser Internetseite dargestellt werden&#8230;.<\/p>\n\n\n<a class=\"maxbutton-2 maxbutton maxbutton-link\" target=\"_blank\" title=\"Viele Wege f\u00fchren nach vorn\" rel=\"nofollow noopener\" href=\"http:\/\/vielewege.rlp.de\/\"><span class='mb-text'>Viele Wege f\u00fchren nach vorn<\/span><\/a>\n\n\n\n<hr class=\"wp-block-separator has-css-opacity\"\/>\n\n\n\n<h2 class=\"wp-block-heading\">&nbsp;<span style=\"color: #ff0000;\">BERUFE<\/span>NET &#8211; Bundesagentur f\u00fcr Arbeit<\/h2>\n\n\n\n<h3 class=\"wp-block-heading\">Berufsinformationen einfach finden<\/h3>\n\n\n<a class=\"maxbutton-2 maxbutton maxbutton-link\" target=\"_blank\" title=\"Bundesagentur f\u00fcr Arbeit - Berufsinformationen einfach finden\" rel=\"nofollow noopener\" href=\"http:\/\/berufenet.arbeitsagentur.de\/berufe\/index.jsp\"><span class='mb-text'>Bundesagentur f\u00fcr Arbeit - Berufsinformationen einfach finden<\/span><\/a>\n\n\n\n<hr class=\"wp-block-separator has-css-opacity\"\/>\n\n\n\n<p>Auf der Seite abi \u203a\u203a findet man auch zahlreiche Hilfen zur Ausbildung<\/p>\n\n\n<a class=\"maxbutton-2 maxbutton maxbutton-link\" target=\"_blank\" title=\"abi.de - Ausbildung\" rel=\"nofollow noopener\" href=\"http:\/\/www.abi.de\/ausbildung.htm;jsessionid=BA728180F146117FDBB039E2639B0926?zg=schueler\"><span class='mb-text'>abi.de - Ausbildung<\/span><\/a>\n\n\n<a class=\"maxbutton-2 maxbutton maxbutton-link\" target=\"_blank\" title=\"Testverfahren zur Studienorientierung\" rel=\"nofollow noopener\" href=\"http:\/\/www.abi.de\/orientieren\/was-werden\/testverfahren.htm;jsessionid=BA728180F146117FDBB039E2639B0926\"><span class='mb-text'>Testverfahren zur Studienorientierung<\/span><\/a>\n\n\n\n<hr class=\"wp-block-separator has-css-opacity\"\/>\n\n\n\n<h3 class=\"wp-block-heading\">Auch auf dem Bildungsserver sind viele Infos zu Thema<\/h3>\n\n\n<a class=\"maxbutton-2 maxbutton maxbutton-link\" target=\"_blank\" title=\"Bildungsserver Rheinland-Pfalz\" rel=\"nofollow noopener\" href=\"http:\/\/berufsorientierung.bildung-rp.de\/gehezu\/startseite.html\"><span class='mb-text'>Bildungsserver Rheinland-Pfalz<\/span><\/a>\n\n\n\n<hr class=\"wp-block-separator has-css-opacity\"\/>\n\n\n\n<h3 class=\"wp-block-heading\">Handwerkskammer Trier &#8211; Duales Studium<\/h3>\n\n\n<a class=\"maxbutton-2 maxbutton maxbutton-link\" target=\"_blank\" title=\"HWK Trier - Infoservice Betriebe\" rel=\"nofollow noopener\" href=\"http:\/\/www.hwk-trier.de\/html\/seiten\/text;infoservice-betriebe;888,de.html\"><span class='mb-text'>HWK Trier - Infoservice Betriebe<\/span><\/a>\n\n\n<a class=\"maxbutton-2 maxbutton maxbutton-link\" target=\"_blank\" title=\"HWK Trier - Duales Studium\" rel=\"nofollow noopener\" href=\"http:\/\/www.hwk-trier.de\/html\/seiten\/text;duales-studium;966,de.html\"><span class='mb-text'>HWK Trier - Duales Studium<\/span><\/a>\n\n\n\n<hr class=\"wp-block-separator has-css-opacity\"\/>\n\n\n\n<h3 class=\"wp-block-heading\">&nbsp;IHK &#8211; Koblenz &#8211; Wege in den Beruf<\/h3>\n\n\n<a class=\"maxbutton-2 maxbutton maxbutton-link\" target=\"_blank\" title=\"IHK Koblenz - Wege in den Beruf\" rel=\"nofollow noopener\" href=\"http:\/\/www.ihk-koblenz.de\/bildung\/wege_in_den_beruf\/1151020\/wege_in_den_beruf_index.html\"><span class='mb-text'>IHK Koblenz - Wege in den Beruf<\/span><\/a>\n\n\n\n<hr class=\"wp-block-separator has-css-opacity\"\/>\n","protected":false},"excerpt":{"rendered":"<p>Im Folgenden findet Ihr Links zu verschiedenen Institutionen und Seiten bez\u00fcglich Eurer beruflichen Zukunft. Jobb\u00f6rse.de Ausbildung finden:\u00a0https:\/\/www.jobb\u00f6rse-stellenangebote.de\/ausbildung\/Praktikum finden:\u00a0https:\/\/www.jobb\u00f6rse-stellenangebote.de\/praktikum\/Berufsorientierung: https:\/\/www.jobb\u00f6rse-stellenangebote.de\/berufsbereich\/Stellenangebote: https:\/\/www.jobb\u00f6rse.de\/ Duale Berufsausbildung Diese Brosch\u00fcre gibt einen guten \u00dcberblick \u00fcber das System der dualen Berufsausbildung in Deutschland. Hier kannst Du die Brosch\u00fcre mit allen wichtigen Informationen downloaden. Schule und dann? Bevor&#8230;<\/p>\n<p> <a class=\"continue-reading-link\" href=\"https:\/\/www.friedrich-spee-realschule-plus.de\/?page_id=896\"><span>Weiter lesen ?<\/span><i class=\"crycon-right-dir\"><\/i><\/a> <\/p>\n","protected":false},"author":1,"featured_media":0,"parent":2595,"menu_order":5,"comment_status":"closed","ping_status":"closed","template":"templates\/template-twocolumns-right.php","meta":{"footnotes":""},"class_list":["post-896","page","type-page","status-publish","hentry"],"_links":{"self":[{"href":"https:\/\/www.friedrich-spee-realschule-plus.de\/index.php?rest_route=\/wp\/v2\/pages\/896","targetHints":{"allow":["GET"]}}],"collection":[{"href":"https:\/\/www.friedrich-spee-realschule-plus.de\/index.php?rest_route=\/wp\/v2\/pages"}],"about":[{"href":"https:\/\/www.friedrich-spee-realschule-plus.de\/index.php?rest_route=\/wp\/v2\/types\/page"}],"author":[{"embeddable":true,"href":"https:\/\/www.friedrich-spee-realschule-plus.de\/index.php?rest_route=\/wp\/v2\/users\/1"}],"replies":[{"embeddable":true,"href":"https:\/\/www.friedrich-spee-realschule-plus.de\/index.php?rest_route=%2Fwp%2Fv2%2Fcomments&post=896"}],"version-history":[{"count":42,"href":"https:\/\/www.friedrich-spee-realschule-plus.de\/index.php?rest_route=\/wp\/v2\/pages\/896\/revisions"}],"predecessor-version":[{"id":4791,"href":"https:\/\/www.friedrich-spee-realschule-plus.de\/index.php?rest_route=\/wp\/v2\/pages\/896\/revisions\/4791"}],"up":[{"embeddable":true,"href":"https:\/\/www.friedrich-spee-realschule-plus.de\/index.php?rest_route=\/wp\/v2\/pages\/2595"}],"wp:attachment":[{"href":"https:\/\/www.friedrich-spee-realschule-plus.de\/index.php?rest_route=%2Fwp%2Fv2%2Fmedia&parent=896"}],"curies":[{"name":"wp","href":"https:\/\/api.w.org\/{rel}","templated":true}]}}