{"id":573,"date":"2014-10-21T18:15:16","date_gmt":"2014-10-21T18:15:16","guid":{"rendered":"http:\/\/www.friedrich-spee-realschule-plus.de\/?page_id=573"},"modified":"2014-10-21T18:15:28","modified_gmt":"2014-10-21T18:15:28","slug":"extremen-wetterlagen","status":"publish","type":"page","link":"https:\/\/www.friedrich-spee-realschule-plus.de\/?page_id=573","title":{"rendered":"Extreme Wetterlagen"},"content":{"rendered":"<h3>Unterricht bei extremen Wetterlagen<\/h3>\n<p>Extreme Wetterlagen, wie Schnee- und Eisregen, Hochwasser und Sturm k\u00f6nnen zu Beeintr\u00e4chtigungen im Sch\u00fclertransport f\u00fchren. Ob der Schulweg bei erschwerten au\u00dfergew\u00f6hnlichen wetterbedingten Umst\u00e4nden ihrem Kind zumutbar ist, entscheiden in diesem Fall ganz allein die Eltern. Sind die Eltern der Meinung, dass der Schulweg aufgrund extremer Wetterbedingungen nicht zumutbar ist, k\u00f6nnen sie ihr Kind an diesem Tag zu Hause lassen. Es ist jedoch notwendig, die Schule \u00fcber das Fernbleiben des Kindes zu informieren.<\/p>\n<p>F\u00fcr die Schule gilt jedoch der auch in der Bekanntmachung des Kultusministeriums vom 24.11.1982 (Amtsbl. S. 640) erteilte Hinweis, dass Unterricht grunds\u00e4tzlich stattfindet. Danach ist Unterricht, auch wenn er nur f\u00fcr einen Teil der Sch\u00fcler erteilt werden kann, sinnvoller als genereller Unterrichtsausfall. Sch\u00fcler, die zur Schule kommen k\u00f6nnen, haben ein Recht auf Unterricht.<\/p>\n<p>In Ausnahmesituationen kann die Schule die Entscheidung treffen, dass ein Unterrichtstag zum Schutz der Sch\u00fclerinnen und Sch\u00fcler wegen des Wetters verk\u00fcrzt wird oder gar ganz ausf\u00e4llt.<\/p>\n<p>Bitte beachten Sie in diesem Fall die Hinweise auf der Homepage, die Bekanntmachungen im Radio und die Mitteilungen auf der Homepage der Verkehrsbetriebe.<\/p>\n","protected":false},"excerpt":{"rendered":"<p>Unterricht bei extremen Wetterlagen Extreme Wetterlagen, wie Schnee- und Eisregen, Hochwasser und Sturm k\u00f6nnen zu Beeintr\u00e4chtigungen im Sch\u00fclertransport f\u00fchren. Ob der Schulweg bei erschwerten au\u00dfergew\u00f6hnlichen wetterbedingten Umst\u00e4nden ihrem Kind zumutbar ist, entscheiden in diesem Fall ganz allein die Eltern. Sind die Eltern der Meinung, dass der Schulweg aufgrund extremer Wetterbedingungen&#8230;<\/p>\n<p> <a class=\"continue-reading-link\" href=\"https:\/\/www.friedrich-spee-realschule-plus.de\/?page_id=573\"><span>Weiter lesen ?<\/span><i class=\"crycon-right-dir\"><\/i><\/a> <\/p>\n","protected":false},"author":1,"featured_media":0,"parent":465,"menu_order":0,"comment_status":"closed","ping_status":"closed","template":"templates\/template-twocolumns-right.php","meta":{"footnotes":""},"class_list":["post-573","page","type-page","status-publish","hentry"],"_links":{"self":[{"href":"https:\/\/www.friedrich-spee-realschule-plus.de\/index.php?rest_route=\/wp\/v2\/pages\/573","targetHints":{"allow":["GET"]}}],"collection":[{"href":"https:\/\/www.friedrich-spee-realschule-plus.de\/index.php?rest_route=\/wp\/v2\/pages"}],"about":[{"href":"https:\/\/www.friedrich-spee-realschule-plus.de\/index.php?rest_route=\/wp\/v2\/types\/page"}],"author":[{"embeddable":true,"href":"https:\/\/www.friedrich-spee-realschule-plus.de\/index.php?rest_route=\/wp\/v2\/users\/1"}],"replies":[{"embeddable":true,"href":"https:\/\/www.friedrich-spee-realschule-plus.de\/index.php?rest_route=%2Fwp%2Fv2%2Fcomments&post=573"}],"version-history":[{"count":3,"href":"https:\/\/www.friedrich-spee-realschule-plus.de\/index.php?rest_route=\/wp\/v2\/pages\/573\/revisions"}],"predecessor-version":[{"id":576,"href":"https:\/\/www.friedrich-spee-realschule-plus.de\/index.php?rest_route=\/wp\/v2\/pages\/573\/revisions\/576"}],"up":[{"embeddable":true,"href":"https:\/\/www.friedrich-spee-realschule-plus.de\/index.php?rest_route=\/wp\/v2\/pages\/465"}],"wp:attachment":[{"href":"https:\/\/www.friedrich-spee-realschule-plus.de\/index.php?rest_route=%2Fwp%2Fv2%2Fmedia&parent=573"}],"curies":[{"name":"wp","href":"https:\/\/api.w.org\/{rel}","templated":true}]}}