{"id":551,"date":"2014-10-21T17:43:49","date_gmt":"2014-10-21T17:43:49","guid":{"rendered":"http:\/\/www.friedrich-spee-realschule-plus.de\/?page_id=551"},"modified":"2026-03-20T11:02:04","modified_gmt":"2026-03-20T10:02:04","slug":"foerderverein","status":"publish","type":"page","link":"https:\/\/www.friedrich-spee-realschule-plus.de\/?page_id=551","title":{"rendered":"F\u00f6rderverein"},"content":{"rendered":"\n<p>Der Zweck des F\u00f6rdervereins der Friedrich-Spee-Realschule plus ist die F\u00f6rderung der Unterrichts- und Erziehungsarbeit. Der Verein verfolgt ausschlie\u00dflich und unmittelbar gemeinn\u00fctzige Zwecke der Bildung und Erziehung, indem er Geld- und Sachmittel beschafft und an die Schule weitergibt. Der Satzungszweck wird verwirklicht durch Geld- und Sachspenden sowie die unmittelbare Bereitstellung von Lehr- und Lernmitteln \u00fcber die Verpflichtung des Schultr\u00e4gers hinaus. Die F\u00f6rderung kann neben Geld- oder Sachzuwendungen auch durch andere Aktivit\u00e4ten erfolgen. Um unseren F\u00f6rderverein auf eine solide Grundlage zu stellen, sind alle Interessierten aufgerufen, den F\u00f6rderverein durch Mitgliedschaft, Spenden und aktive Mitarbeit zu unterst\u00fctzen.<\/p>\n\n\n\n<hr class=\"wp-block-separator has-css-opacity\"\/>\n\n\n\n<p>Die Beitrittserkl\u00e4rung zum F\u00f6rderverein k\u00f6nnen Sie hier bequem als &#8218;PDF-Datei herunterladen oder als aktives PDF-Dokument sofort ausf\u00fcllen und ausdrucken. &nbsp; Wir freuen uns auf Ihre Mitgliedschaft! <\/p>\n\n\n\n<p><a href=\"https:\/\/fsrneumagen-my.sharepoint.com\/:b:\/g\/personal\/f_spee_fsrneumagen_de\/EVwBXcSz2UlPhWNhu3W5L4EBV5lgRdjOTttv2_18M4816Q?e=0lomv7\">Beitrittserkl\u00e4rung zum ausdrucken<\/a><\/p>\n\n\n\n<p><a href=\"https:\/\/fsrneumagen-my.sharepoint.com\/:b:\/g\/personal\/f_spee_fsrneumagen_de\/EdoJhDhokRVOurU7AgWMdbMBNgTfxnW9XRC2yOdqo2305g?e=4F5zD3\">Beitrittserkl\u00e4rung als aktives PDF-Dokument zum sofort ausf\u00fcllen und ausdrucken<\/a><\/p>\n\n\n\n<hr class=\"wp-block-separator has-css-opacity\"\/>\n\n\n\n<h2 class=\"wp-block-heading\" id=\"der-forderverein-im-schuljahr-2021-2022\">Der F\u00f6rderverein im Schuljahr 2025\/2026<\/h2>\n\n\n\n<h3 class=\"wp-block-heading\" id=\"1-vorsitzender-jorg-hafner\">1. Vorsitzender: J\u00f6rg Hafner, 9c<\/h3>\n\n\n\n<h3 class=\"wp-block-heading\" id=\"2-vorsitzender-andreas-klink-bollig\">2. Vorsitzende: Justyna Borzyk, 5b<\/h3>\n\n\n\n<h4 class=\"wp-block-heading\" id=\"kassiererin-christina-krames\">Kassiererin: Helene Dau, 10a<\/h4>\n\n\n\n<h4 class=\"wp-block-heading\" id=\"schriftfuhrerin-susanne-thielges\">Schriftf\u00fchrer: Dominik Schu, 5b<\/h4>\n\n\n\n<h4 class=\"wp-block-heading\" id=\"beisitzer\">Beisitzer: <\/h4>\n\n\n\n<p><strong>Vera D\u00f6hrn<br>Roland Loch, 9b<br>Christiana Steinmetz, 6d<\/strong><\/p>\n\n\n\n<p><strong>Susanne Thielges, 9a (Schulelternsprecherin)<br>Mario Coss\u00e9 (Schulleiter)<\/strong><\/p>\n\n\n\n<p><\/p>\n\n\n\n<p>Die Bankverbindung des Elternf\u00f6rdervereins:<\/p>\n\n\n\n<p>Sparkasse Eifel-Mosel<\/p>\n\n\n\n<p>IBAN:&nbsp;&nbsp;&nbsp; <span class=\"element\">DE49<\/span><span class=\"element bank-code\">5875<\/span><span class=\"element bank-code last\">1230<\/span><span class=\"element bank-account-number\">0020<\/span><span class=\"element bank-account-number\">0138<\/span><span class=\"element bank-account-number last\">35<\/span><br>BIC:&nbsp;&nbsp;&nbsp;&nbsp;&nbsp;&nbsp; &nbsp;<span id=\"business-identifier-code\">MALADE51BKS<\/span><\/p>\n\n\n\n<p>Wenn sie noch nicht wissen, wie Ihre IBAN und BIC nummern lauten, k\u00f6nnen Sie unter folgendem Link Ihre alten Konto- und BLZ-Nummern umwandeln.<\/p>\n\n\n\n<p><a href=\"https:\/\/www.sparkasse.de\/privatkunden\/konto-karte\/iban-rechner.html\" target=\"_blank\" rel=\"noopener noreferrer\">IBAN &#8211; Rechner<\/a><\/p>\n\n\n\n<p>Wenn Sie weiter Fragen haben oder mit uns in Kontakt treten wollen, scheiben Sie eine Mail an <a href=\"&#109;&#x61;i&#108;&#x74;o&#58;&#x46;o&#101;&#x72;d&#101;&#x72;&#118;&#x65;&#x72;&#101;&#x69;&#x6e;&#64;&#x72;s&#45;&#x6e;e&#117;&#x6d;a&#103;&#x65;n&#46;&#x64;&#101;\">F&#111;&#101;&#x72;&#x64;e&#114;&#118;&#x65;&#x72;&#x65;i&#110;&#64;&#x72;&#x73;-n&#101;&#x75;&#x6d;&#x61;g&#101;&#110;&#x2e;&#x64;e<\/a> .<\/p>\n\n\n\n<p>Vielen Dank<\/p>\n\n\n\n<hr class=\"wp-block-separator has-css-opacity\"\/>\n","protected":false},"excerpt":{"rendered":"<p>Der Zweck des F\u00f6rdervereins der Friedrich-Spee-Realschule plus ist die F\u00f6rderung der Unterrichts- und Erziehungsarbeit. Der Verein verfolgt ausschlie\u00dflich und unmittelbar gemeinn\u00fctzige Zwecke der Bildung und Erziehung, indem er Geld- und Sachmittel beschafft und an die Schule weitergibt. Der Satzungszweck wird verwirklicht durch Geld- und Sachspenden sowie die unmittelbare Bereitstellung von&#8230;<\/p>\n<p> <a class=\"continue-reading-link\" href=\"https:\/\/www.friedrich-spee-realschule-plus.de\/?page_id=551\"><span>Weiter lesen ?<\/span><i class=\"crycon-right-dir\"><\/i><\/a> <\/p>\n","protected":false},"author":1,"featured_media":0,"parent":459,"menu_order":0,"comment_status":"closed","ping_status":"closed","template":"templates\/template-twocolumns-right.php","meta":{"footnotes":""},"class_list":["post-551","page","type-page","status-publish","hentry"],"_links":{"self":[{"href":"https:\/\/www.friedrich-spee-realschule-plus.de\/index.php?rest_route=\/wp\/v2\/pages\/551","targetHints":{"allow":["GET"]}}],"collection":[{"href":"https:\/\/www.friedrich-spee-realschule-plus.de\/index.php?rest_route=\/wp\/v2\/pages"}],"about":[{"href":"https:\/\/www.friedrich-spee-realschule-plus.de\/index.php?rest_route=\/wp\/v2\/types\/page"}],"author":[{"embeddable":true,"href":"https:\/\/www.friedrich-spee-realschule-plus.de\/index.php?rest_route=\/wp\/v2\/users\/1"}],"replies":[{"embeddable":true,"href":"https:\/\/www.friedrich-spee-realschule-plus.de\/index.php?rest_route=%2Fwp%2Fv2%2Fcomments&post=551"}],"version-history":[{"count":85,"href":"https:\/\/www.friedrich-spee-realschule-plus.de\/index.php?rest_route=\/wp\/v2\/pages\/551\/revisions"}],"predecessor-version":[{"id":5504,"href":"https:\/\/www.friedrich-spee-realschule-plus.de\/index.php?rest_route=\/wp\/v2\/pages\/551\/revisions\/5504"}],"up":[{"embeddable":true,"href":"https:\/\/www.friedrich-spee-realschule-plus.de\/index.php?rest_route=\/wp\/v2\/pages\/459"}],"wp:attachment":[{"href":"https:\/\/www.friedrich-spee-realschule-plus.de\/index.php?rest_route=%2Fwp%2Fv2%2Fmedia&parent=551"}],"curies":[{"name":"wp","href":"https:\/\/api.w.org\/{rel}","templated":true}]}}