{"id":482,"date":"2014-10-21T09:32:41","date_gmt":"2014-10-21T09:32:41","guid":{"rendered":"http:\/\/fsr.holgerschwab.de\/?page_id=482"},"modified":"2020-10-24T15:07:33","modified_gmt":"2020-10-24T15:07:33","slug":"schulbuchausleihe","status":"publish","type":"page","link":"https:\/\/www.friedrich-spee-realschule-plus.de\/?page_id=482","title":{"rendered":"Schulbuchausleihe"},"content":{"rendered":"\n<h3 class=\"wp-block-heading\">Informationen zur Schulbuchausleihe f\u00fcr Eltern, Sch\u00fclerinnen und Sch\u00fcler<\/h3>\n\n\n\n<p>Die Schulbuchausleihe ist in Rheinland-Pfalz f\u00fcr Sch\u00fclerinnen und Sch\u00fcler aller Klassenstufen der Grundschulen, Hauptschulen, Realschulen, Realschulen plus, Gymnasien, Kollegs und Integrierten Gesamtschulen m\u00f6glich. Ferner k\u00f6nnen alle Sch\u00fclerinnen und Sch\u00fcler teilnehmen, die ein berufliches Gymnasium, eine Fachoberschule an der Realschule plus, die Berufsfachschule I oder II, die dreij\u00e4hrige Berufsfachschule, die h\u00f6here Berufsfachschule oder die Berufsoberschule I oder II besuchen. Die Ausgabe von Lernmittelgutscheinen ist nicht mehr m\u00f6glich. Die Teilnahme an der Schulbuchausleihe ist freiwillig. Bei der Schulbuchausleihe erhalten Eltern oder vollj\u00e4hrige Sch\u00fclerinnen und Sch\u00fcler, deren Einkommen bestimmte Grenzen nicht \u00fcberschreitet, Schulb\u00fccher und erg\u00e4nzende Druckschriften wie zum Beispiel Arbeits- und \u00dcbungshefte auf Antrag kostenfrei:<\/p>\n\n\n<a class=\"maxbutton-2 maxbutton maxbutton-link\" target=\"_blank\" title=\"Link zum Bildungsserver: Fragen zur Lernmittelfreiheit (unentgeltliche Ausleihe)\" rel=\"nofollow noopener\" href=\"http:\/\/lmf-online.rlp.de\/fuer-eltern\/fragen-antworten\/lernmittelfreiheit-unentgeltliche-ausleihe.html\"><span class='mb-text'>Link zum Bildungsserver: Fragen zur Lernmittelfreiheit (unentgeltliche Ausleihe)<\/span><\/a>\n\n\n\n<p>\u00dcbersteigt das Einkommen die Einkommensgrenzen, k\u00f6nnen Schulb\u00fccher gegen eine Geb\u00fchr ausgeliehen werden.<\/p>\n\n\n<a class=\"maxbutton-2 maxbutton maxbutton-link\" target=\"_blank\" title=\"Link zum Bildungsserver: Fragen zur Ausleihe gegen Geb\u00fchr (entgeltliche Ausleihe)\" rel=\"nofollow noopener\" href=\"http:\/\/lmf-online.rlp.de\/fuer-eltern\/fragen-antworten\/ausleihe-gegen-gebuehr-entgeltliche-ausleihe.html\"><span class='mb-text'>Link zum Bildungsserver: Fragen zur Ausleihe gegen Geb\u00fchr (entgeltliche Ausleihe)<\/span><\/a>\n\n\n\n<p>F\u00fcr die Teilnahme an der Schulbuchausleihe gegen Geb\u00fchr ben\u00f6tigen Sie ein Benutzerkonto. \u00dcber folgenden Link k\u00f6nnen Sie Ihr Benutzerkonto aufrufen oder &#8211; falls Sie noch kein Benutzerkonto angelegt haben &#8211; einrichten.<\/p>\n\n\n<a class=\"maxbutton-2 maxbutton maxbutton-link\" target=\"_blank\" title=\"Link zum Bildungsserver: Elternportal der Lehrmittelfreiheit\" rel=\"nofollow noopener\" href=\"https:\/\/secure3.bildung-rp.de\/LMF_Elternportal\"><span class='mb-text'>Link zum Bildungsserver: Elternportal der Lehrmittelfreiheit<\/span><\/a>\n","protected":false},"excerpt":{"rendered":"<p>Informationen zur Schulbuchausleihe f\u00fcr Eltern, Sch\u00fclerinnen und Sch\u00fcler Die Schulbuchausleihe ist in Rheinland-Pfalz f\u00fcr Sch\u00fclerinnen und Sch\u00fcler aller Klassenstufen der Grundschulen, Hauptschulen, Realschulen, Realschulen plus, Gymnasien, Kollegs und Integrierten Gesamtschulen m\u00f6glich. Ferner k\u00f6nnen alle Sch\u00fclerinnen und Sch\u00fcler teilnehmen, die ein berufliches Gymnasium, eine Fachoberschule an der Realschule plus, die Berufsfachschule&#8230;<\/p>\n<p> <a class=\"continue-reading-link\" href=\"https:\/\/www.friedrich-spee-realschule-plus.de\/?page_id=482\"><span>Weiter lesen ?<\/span><i class=\"crycon-right-dir\"><\/i><\/a> <\/p>\n","protected":false},"author":1,"featured_media":0,"parent":459,"menu_order":0,"comment_status":"closed","ping_status":"closed","template":"templates\/template-twocolumns-right.php","meta":{"footnotes":""},"class_list":["post-482","page","type-page","status-publish","hentry"],"_links":{"self":[{"href":"https:\/\/www.friedrich-spee-realschule-plus.de\/index.php?rest_route=\/wp\/v2\/pages\/482","targetHints":{"allow":["GET"]}}],"collection":[{"href":"https:\/\/www.friedrich-spee-realschule-plus.de\/index.php?rest_route=\/wp\/v2\/pages"}],"about":[{"href":"https:\/\/www.friedrich-spee-realschule-plus.de\/index.php?rest_route=\/wp\/v2\/types\/page"}],"author":[{"embeddable":true,"href":"https:\/\/www.friedrich-spee-realschule-plus.de\/index.php?rest_route=\/wp\/v2\/users\/1"}],"replies":[{"embeddable":true,"href":"https:\/\/www.friedrich-spee-realschule-plus.de\/index.php?rest_route=%2Fwp%2Fv2%2Fcomments&post=482"}],"version-history":[{"count":30,"href":"https:\/\/www.friedrich-spee-realschule-plus.de\/index.php?rest_route=\/wp\/v2\/pages\/482\/revisions"}],"predecessor-version":[{"id":3611,"href":"https:\/\/www.friedrich-spee-realschule-plus.de\/index.php?rest_route=\/wp\/v2\/pages\/482\/revisions\/3611"}],"up":[{"embeddable":true,"href":"https:\/\/www.friedrich-spee-realschule-plus.de\/index.php?rest_route=\/wp\/v2\/pages\/459"}],"wp:attachment":[{"href":"https:\/\/www.friedrich-spee-realschule-plus.de\/index.php?rest_route=%2Fwp%2Fv2%2Fmedia&parent=482"}],"curies":[{"name":"wp","href":"https:\/\/api.w.org\/{rel}","templated":true}]}}