{"id":462,"date":"2014-10-21T05:40:09","date_gmt":"2014-10-21T05:40:09","guid":{"rendered":"http:\/\/fsr.holgerschwab.de\/?page_id=462"},"modified":"2023-10-13T12:18:39","modified_gmt":"2023-10-13T10:18:39","slug":"aktuelles","status":"publish","type":"page","link":"https:\/\/www.friedrich-spee-realschule-plus.de\/?page_id=462","title":{"rendered":"Aktuelles"},"content":{"rendered":"\n<hr class=\"wp-block-separator has-css-opacity is-style-wide\"\/>\n\n\n\n<p>Sehr geehrte Eltern und Sorgeberechtigte,<br>unter dem folgenden Link kann man alle wichtigen Formulare bzgl. Anmedung, Ganztagsangebote, Fahrkarten, Mitagessen und digitalen Klassenbuch herunterladen.<\/p>\n\n\n<a class=\"maxbutton-2 maxbutton maxbutton-link\" target=\"_blank\" title=\"Downloadbereich f\u00fcr Formulare und Antr\u00e4ge\" rel=\"nofollow noopener\" href=\"https:\/\/www.friedrich-spee-realschule-plus.de\/?page_id=3960\"><span class='mb-text'>Downloadbereich f\u00fcr Formulare und Antr\u00e4ge<\/span><\/a>\n\n\n\n<p><\/p>\n\n\n\n<hr class=\"wp-block-separator has-css-opacity is-style-wide\"\/>\n\n\n\n<h2 class=\"wp-block-heading\"><strong>Informationen zur Anmeldung<\/strong><\/h2>\n\n\n\n<p>Anmeldungen f\u00fcr das&nbsp;<strong>zuk\u00fcnftige f\u00fcnfte Schuljahr<\/strong>&nbsp;nehmen wir gerne von&nbsp;<\/p>\n\n\n\n<p><strong>Montag, den 29.01.2024 bis Freitag, den 01.03.2024&nbsp;<\/strong><\/p>\n\n\n\n<p>im Sekretariat unserer Schule entgegen. Bitte vereinbaren Sie hierzu telefonisch (0650792640) oder per Mail (&#x69;&#x6e;&#x66;&#x6f;&#x40;&#x66;&#x73;&#x72;&#x6e;&#x65;&#x75;&#x6d;&#x61;&#x67;&#x65;&#x6e;&#x2e;&#x64;&#x65;) einen Termin.<\/p>\n\n\n\n<p>Achtung: Vom 16.02.2023 bis zum 21.02.2023 ist das Sekretariat der Schule geschlossen!<\/p>\n\n\n\n<p>Die&nbsp;<strong>\u00d6ffnungszeiten<\/strong>: Montag \u2013 Freitag 7:30 Uhr bis 12:00 Uhr<\/p>\n\n\n\n<hr class=\"wp-block-separator has-css-opacity\"\/>\n\n\n\n<h5 class=\"wp-block-heading\">Bitte bringen Sie zur Anmeldung folgende Unterlagen mit:<\/h5>\n\n\n\n<ul class=\"wp-block-list\">\n<li>Halbjahreszeugnis Klasse 4<\/li>\n\n\n\n<li>Formulare der Grundschule zur Anmeldung an einer weiterf\u00fchrenden Schule (3 Bl\u00e4tter)<\/li>\n\n\n\n<li>Abstammungsurkunde (nur zur Einsicht, keine Kopie erforderlich)<\/li>\n\n\n\n<li>Nachweis \u00fcber einen ausreichenden Masernschutz: Impfausweis oder \u00e4rztliche Bescheinigung<\/li>\n\n\n\n<li>bei nicht-deutscher Staatsangeh\u00f6rigkeit die Aufenthaltsgenehmigung<\/li>\n\n\n\n<li>m\u00f6glichst die ausgef\u00fcllten Anmeldeformulare, die Sie hier downloaden k\u00f6nnen.<br>  <a href=\"https:\/\/www.friedrich-spee-realschule-plus.de\/wp-content\/uploads\/2023\/01\/2023_Anmeldebogen.pdf\" target=\"_blank\" rel=\"noreferrer noopener\"><b><span class=\"\" style=\"font-family: FontAwesome;\">\uf13a<\/span><span class=\"\" style=\"font-size: middle;\">&nbsp;Link zum Anmeldeformular<\/span><\/b><\/a> <\/li>\n\n\n\n<li>bei Anmeldung zur Ganztagsschule zus\u00e4tzlich\n<ul class=\"wp-block-list\">\n<li>das ausgef\u00fcllte Anmeldeformular Ganztagsschule<\/li>\n\n\n\n<li>das ausgef\u00fcllte Anmeldeformular f\u00fcr die Essensanmeldung bei der Firma Giroweb<\/li>\n<\/ul>\n<\/li>\n<\/ul>\n\n\n\n<h3 class=\"wp-block-heading\">Noch unentschlossen? <br>Vereinbaren Sie einen Beratungstermin \u00fcber das Sekretariat.<\/h3>\n\n\n\n<p>Weitere Informationen erhalten Sie unter Tel.: 06507-92640 oder auf unserer Homepage.<\/p>\n\n\n\n<p><a href=\"https:\/\/www.friedrich-spee-realschule-plus.de\">https:\/\/www.friedrich-spee-realschule-plus.de<\/a><\/p>\n\n\n\n<hr class=\"wp-block-separator has-css-opacity\"\/>\n","protected":false},"excerpt":{"rendered":"<p>Sehr geehrte Eltern und Sorgeberechtigte,unter dem folgenden Link kann man alle wichtigen Formulare bzgl. Anmedung, Ganztagsangebote, Fahrkarten, Mitagessen und digitalen Klassenbuch herunterladen. Informationen zur Anmeldung Anmeldungen f\u00fcr das&nbsp;zuk\u00fcnftige f\u00fcnfte Schuljahr&nbsp;nehmen wir gerne von&nbsp; Montag, den 29.01.2024 bis Freitag, den 01.03.2024&nbsp; im Sekretariat unserer Schule entgegen. Bitte vereinbaren Sie hierzu telefonisch&#8230;<\/p>\n<p> <a class=\"continue-reading-link\" href=\"https:\/\/www.friedrich-spee-realschule-plus.de\/?page_id=462\"><span>Weiter lesen ?<\/span><i class=\"crycon-right-dir\"><\/i><\/a> <\/p>\n","protected":false},"author":1,"featured_media":0,"parent":0,"menu_order":0,"comment_status":"closed","ping_status":"closed","template":"templates\/template-twocolumns-right.php","meta":{"footnotes":""},"class_list":["post-462","page","type-page","status-publish","hentry"],"_links":{"self":[{"href":"https:\/\/www.friedrich-spee-realschule-plus.de\/index.php?rest_route=\/wp\/v2\/pages\/462","targetHints":{"allow":["GET"]}}],"collection":[{"href":"https:\/\/www.friedrich-spee-realschule-plus.de\/index.php?rest_route=\/wp\/v2\/pages"}],"about":[{"href":"https:\/\/www.friedrich-spee-realschule-plus.de\/index.php?rest_route=\/wp\/v2\/types\/page"}],"author":[{"embeddable":true,"href":"https:\/\/www.friedrich-spee-realschule-plus.de\/index.php?rest_route=\/wp\/v2\/users\/1"}],"replies":[{"embeddable":true,"href":"https:\/\/www.friedrich-spee-realschule-plus.de\/index.php?rest_route=%2Fwp%2Fv2%2Fcomments&post=462"}],"version-history":[{"count":128,"href":"https:\/\/www.friedrich-spee-realschule-plus.de\/index.php?rest_route=\/wp\/v2\/pages\/462\/revisions"}],"predecessor-version":[{"id":4904,"href":"https:\/\/www.friedrich-spee-realschule-plus.de\/index.php?rest_route=\/wp\/v2\/pages\/462\/revisions\/4904"}],"wp:attachment":[{"href":"https:\/\/www.friedrich-spee-realschule-plus.de\/index.php?rest_route=%2Fwp%2Fv2%2Fmedia&parent=462"}],"curies":[{"name":"wp","href":"https:\/\/api.w.org\/{rel}","templated":true}]}}