{"id":447,"date":"2014-10-21T00:40:21","date_gmt":"2014-10-21T00:40:21","guid":{"rendered":"http:\/\/fsr.holgerschwab.de\/?page_id=447"},"modified":"2023-03-08T10:43:41","modified_gmt":"2023-03-08T09:43:41","slug":"ausbildung-neuer-streitschlichter","status":"publish","type":"page","link":"https:\/\/www.friedrich-spee-realschule-plus.de\/?page_id=447","title":{"rendered":"Streitschlichter"},"content":{"rendered":"\n<h1 class=\"wp-block-heading\">Streitschlichter: Helfen statt wegschauen<\/h1>\n\n\n\n<figure class=\"wp-block-image size-large\"><img loading=\"lazy\" decoding=\"async\" width=\"1440\" height=\"1080\" src=\"https:\/\/www.friedrich-spee-realschule-plus.de\/wp-content\/uploads\/2023\/03\/Streitschlichter-1440x1080.jpg\" alt=\"\" class=\"wp-image-4697\" srcset=\"https:\/\/www.friedrich-spee-realschule-plus.de\/wp-content\/uploads\/2023\/03\/Streitschlichter-1440x1080.jpg 1440w, https:\/\/www.friedrich-spee-realschule-plus.de\/wp-content\/uploads\/2023\/03\/Streitschlichter-300x225.jpg 300w, https:\/\/www.friedrich-spee-realschule-plus.de\/wp-content\/uploads\/2023\/03\/Streitschlichter-768x576.jpg 768w, https:\/\/www.friedrich-spee-realschule-plus.de\/wp-content\/uploads\/2023\/03\/Streitschlichter-1536x1152.jpg 1536w, https:\/\/www.friedrich-spee-realschule-plus.de\/wp-content\/uploads\/2023\/03\/Streitschlichter-2048x1536.jpg 2048w, https:\/\/www.friedrich-spee-realschule-plus.de\/wp-content\/uploads\/2023\/03\/Streitschlichter-150x113.jpg 150w\" sizes=\"auto, (max-width: 1440px) 100vw, 1440px\" \/><\/figure>\n\n\n\n<p>Die ausgebildeten Streitschlichter aus den 9. und 10. Klassen helfen Mitsch\u00fclern, Probleme und Konflikte zu l\u00f6sen.<br>Jeden Tag in der gro\u00dfen Pause ist das Streitschlichterb\u00fcro ge\u00f6ffnet, um eine Schlichtung durchf\u00fchren zu k\u00f6nnen. Dabei gilt: Streitschlichter sind \u201eSchlichter\u201c und nicht \u201eRichter\u201c. Die Streitschlichter haben f\u00fcr jeden ein offenes Ohr.<\/p>\n\n\n\n<p>Bei einem Schlichtungsgespr\u00e4ch helfen die Streitschlichter den Streitenden m\u00f6glichst selbst eine L\u00f6sung f\u00fcr ihren Konflikt zu finden. Beide Seiten kommen in der Schlichtung zu Wort und k\u00f6nnen ihre Sichtweisen des Konfliktes genau schildern. Ziel ist es, am Ende eine L\u00f6sung zu finden, die f\u00fcr alle Beteiligten gut ist.<\/p>\n\n\n\n<p>Sch\u00fcler helfen und unterst\u00fctzen Sch\u00fclern &#8211; neben den Sch\u00fclerpaten und dem Sch\u00fclersprecherteam ein weiteres wichtiges Projekt f\u00fcr ein harmonisches und gewaltfreies Klima an unserer Schule. Die Streitschlichter k\u00f6nnen sich einfach besser in die Lage der Streitenden hineinversetzen, als ein Lehrer es tun k\u00f6nnte, da sie die Probleme ihrer Mitsch\u00fcler kennen und auch \u201elive\u201c auf dem Schulhof miterleben. Sie sollen gerade den j\u00fcngeren Mitsch\u00fclern vorleben, wie man respektvoll und gewaltfrei Konflikte l\u00f6st. Aber nicht nur die, denen geholfen wird, ziehen einen Vorteil heraus, sondern auch die Streitschlichter selbst profitieren davon. Wer eine Ausbildung zum Streitschlichter macht, lernt etwas, das er auch in Zukunft immer gebrauchen kann: mit schwierigen Lebenssituationen besser umzugehen und den Konflikt auch mit den Augen des anderen zu sehen, sich in andere hineinzuversetzen &#8211; nicht nur bei einem Streit.<\/p>\n","protected":false},"excerpt":{"rendered":"<p>Streitschlichter: Helfen statt wegschauen Die ausgebildeten Streitschlichter aus den 9. und 10. Klassen helfen Mitsch\u00fclern, Probleme und Konflikte zu l\u00f6sen.Jeden Tag in der gro\u00dfen Pause ist das Streitschlichterb\u00fcro ge\u00f6ffnet, um eine Schlichtung durchf\u00fchren zu k\u00f6nnen. Dabei gilt: Streitschlichter sind \u201eSchlichter\u201c und nicht \u201eRichter\u201c. Die Streitschlichter haben f\u00fcr jeden ein offenes&#8230;<\/p>\n<p> <a class=\"continue-reading-link\" href=\"https:\/\/www.friedrich-spee-realschule-plus.de\/?page_id=447\"><span>Weiter lesen ?<\/span><i class=\"crycon-right-dir\"><\/i><\/a> <\/p>\n","protected":false},"author":1,"featured_media":0,"parent":1907,"menu_order":2,"comment_status":"closed","ping_status":"closed","template":"templates\/template-onecolumn.php","meta":{"footnotes":""},"class_list":["post-447","page","type-page","status-publish","hentry"],"_links":{"self":[{"href":"https:\/\/www.friedrich-spee-realschule-plus.de\/index.php?rest_route=\/wp\/v2\/pages\/447","targetHints":{"allow":["GET"]}}],"collection":[{"href":"https:\/\/www.friedrich-spee-realschule-plus.de\/index.php?rest_route=\/wp\/v2\/pages"}],"about":[{"href":"https:\/\/www.friedrich-spee-realschule-plus.de\/index.php?rest_route=\/wp\/v2\/types\/page"}],"author":[{"embeddable":true,"href":"https:\/\/www.friedrich-spee-realschule-plus.de\/index.php?rest_route=\/wp\/v2\/users\/1"}],"replies":[{"embeddable":true,"href":"https:\/\/www.friedrich-spee-realschule-plus.de\/index.php?rest_route=%2Fwp%2Fv2%2Fcomments&post=447"}],"version-history":[{"count":13,"href":"https:\/\/www.friedrich-spee-realschule-plus.de\/index.php?rest_route=\/wp\/v2\/pages\/447\/revisions"}],"predecessor-version":[{"id":4698,"href":"https:\/\/www.friedrich-spee-realschule-plus.de\/index.php?rest_route=\/wp\/v2\/pages\/447\/revisions\/4698"}],"up":[{"embeddable":true,"href":"https:\/\/www.friedrich-spee-realschule-plus.de\/index.php?rest_route=\/wp\/v2\/pages\/1907"}],"wp:attachment":[{"href":"https:\/\/www.friedrich-spee-realschule-plus.de\/index.php?rest_route=%2Fwp%2Fv2%2Fmedia&parent=447"}],"curies":[{"name":"wp","href":"https:\/\/api.w.org\/{rel}","templated":true}]}}