{"id":43,"date":"2014-10-18T10:08:38","date_gmt":"2014-10-18T10:08:38","guid":{"rendered":"http:\/\/fsr.holgerschwab.de\/?page_id=43"},"modified":"2026-03-20T11:37:07","modified_gmt":"2026-03-20T10:37:07","slug":"orientierungststufe","status":"publish","type":"page","link":"https:\/\/www.friedrich-spee-realschule-plus.de\/?page_id=43","title":{"rendered":"Orientierungsstufe"},"content":{"rendered":"<p>In der Orientierungsstufe wird in der\u00a0 Realschule plus nach der gleichen Stundentafel wie im Gymnasium\u00a0 unterrichtet. Dies st\u00e4rkt die Durchl\u00e4ssigkeit zwischen den Schularten und damit die Aufstiegsm\u00f6glichkeiten der Sch\u00fclerinnen und Sch\u00fcler.<\/p>\n<p>Besonderer Wert wird auf die ersten Tage der Sch\u00fclerinnen und Sch\u00fcler gelegt. Der \u00dcbergang von der Grundschule soll durch vermehrten Klassenlehrerunterricht erleichtert werden.<\/p>\n<p>\u00a0<\/p>\n\n\n<figure class=\"wp-block-image size-full\"><img loading=\"lazy\" decoding=\"async\" width=\"500\" height=\"375\" src=\"https:\/\/www.friedrich-spee-realschule-plus.de\/wp-content\/uploads\/2014\/10\/Orientierungsstufe.gif\" alt=\"\" class=\"wp-image-44\"\/><\/figure>\n","protected":false},"excerpt":{"rendered":"<p>In der Orientierungsstufe wird in der\u00a0 Realschule plus nach der gleichen Stundentafel wie im Gymnasium\u00a0 unterrichtet. Dies st\u00e4rkt die Durchl\u00e4ssigkeit zwischen den Schularten und damit die Aufstiegsm\u00f6glichkeiten der Sch\u00fclerinnen und Sch\u00fcler. Besonderer Wert wird auf die ersten Tage der Sch\u00fclerinnen und Sch\u00fcler gelegt. Der \u00dcbergang von der Grundschule soll durch&#8230;<\/p>\n<p> <a class=\"continue-reading-link\" href=\"https:\/\/www.friedrich-spee-realschule-plus.de\/?page_id=43\"><span>Weiter lesen ?<\/span><i class=\"crycon-right-dir\"><\/i><\/a> <\/p>\n","protected":false},"author":1,"featured_media":0,"parent":29,"menu_order":0,"comment_status":"closed","ping_status":"closed","template":"templates\/template-twocolumns-right.php","meta":{"footnotes":""},"class_list":["post-43","page","type-page","status-publish","hentry"],"_links":{"self":[{"href":"https:\/\/www.friedrich-spee-realschule-plus.de\/index.php?rest_route=\/wp\/v2\/pages\/43","targetHints":{"allow":["GET"]}}],"collection":[{"href":"https:\/\/www.friedrich-spee-realschule-plus.de\/index.php?rest_route=\/wp\/v2\/pages"}],"about":[{"href":"https:\/\/www.friedrich-spee-realschule-plus.de\/index.php?rest_route=\/wp\/v2\/types\/page"}],"author":[{"embeddable":true,"href":"https:\/\/www.friedrich-spee-realschule-plus.de\/index.php?rest_route=\/wp\/v2\/users\/1"}],"replies":[{"embeddable":true,"href":"https:\/\/www.friedrich-spee-realschule-plus.de\/index.php?rest_route=%2Fwp%2Fv2%2Fcomments&post=43"}],"version-history":[{"count":3,"href":"https:\/\/www.friedrich-spee-realschule-plus.de\/index.php?rest_route=\/wp\/v2\/pages\/43\/revisions"}],"predecessor-version":[{"id":5511,"href":"https:\/\/www.friedrich-spee-realschule-plus.de\/index.php?rest_route=\/wp\/v2\/pages\/43\/revisions\/5511"}],"up":[{"embeddable":true,"href":"https:\/\/www.friedrich-spee-realschule-plus.de\/index.php?rest_route=\/wp\/v2\/pages\/29"}],"wp:attachment":[{"href":"https:\/\/www.friedrich-spee-realschule-plus.de\/index.php?rest_route=%2Fwp%2Fv2%2Fmedia&parent=43"}],"curies":[{"name":"wp","href":"https:\/\/api.w.org\/{rel}","templated":true}]}}