{"id":3728,"date":"2021-01-04T19:10:17","date_gmt":"2021-01-04T19:10:17","guid":{"rendered":"https:\/\/www.friedrich-spee-realschule-plus.de\/?page_id=3728"},"modified":"2021-01-29T18:10:30","modified_gmt":"2021-01-29T18:10:30","slug":"pdf-dokumente-ausfuellen","status":"publish","type":"page","link":"https:\/\/www.friedrich-spee-realschule-plus.de\/?page_id=3728","title":{"rendered":"PDF-Dokumente erstellen"},"content":{"rendered":"\n<p>Ein gro\u00dfes Problem bei der Abgabe von Hefteintr\u00e4gen in moodle sind die zahlreichen Fotos mit gro\u00dfem Dateivolumen. Hier ist es sehr wichtig, statt Bildern <strong>eine<\/strong> PDF, die alle Bilder enth\u00e4lt, hoch zu laden. Das funktioniert mit der App Microsoft Lens.<\/p>\n\n\n\n<p>Die App gibt es F\u00fcr Android und iOS-Smartphones. Schau dir dazu die folgenden Videos an.<\/p>\n\n\n\n<h3 class=\"wp-block-heading\">F\u00fcr iOS<\/h3>\n\n\n\n<figure class=\"wp-block-embed is-type-video is-provider-vimeo wp-block-embed-vimeo wp-embed-aspect-16-9 wp-has-aspect-ratio\"><div class=\"wp-block-embed__wrapper\">\n<iframe loading=\"lazy\" title=\"20210127 iOS Office Lens - Moodle-1\" src=\"https:\/\/player.vimeo.com\/video\/505313344?dnt=1&amp;app_id=122963\" width=\"900\" height=\"506\" frameborder=\"0\" allow=\"autoplay; fullscreen; picture-in-picture\" allowfullscreen><\/iframe>\n<\/div><\/figure>\n\n\n\n<hr class=\"wp-block-separator\"\/>\n\n\n\n<h3 class=\"wp-block-heading\">F\u00fcr Android<\/h3>\n\n\n\n<figure class=\"wp-block-embed is-type-video is-provider-vimeo wp-block-embed-vimeo wp-embed-aspect-16-9 wp-has-aspect-ratio\"><div class=\"wp-block-embed__wrapper\">\n<iframe loading=\"lazy\" title=\"2021.01.28 Android Office Lense - moodle\" src=\"https:\/\/player.vimeo.com\/video\/506214912?dnt=1&amp;app_id=122963\" width=\"900\" height=\"506\" frameborder=\"0\" allow=\"autoplay; fullscreen; picture-in-picture\" allowfullscreen><\/iframe>\n<\/div><\/figure>\n\n\n\n<hr class=\"wp-block-separator\"\/>\n\n\n\n<h1 class=\"wp-block-heading\">PDF-Dokumente ausf\u00fcllen<\/h1>\n\n\n\n<p>In diesem Teil geht es um das Bearbeiten und Ausf\u00fcllen von PDF-Dokumenten.<\/p>\n\n\n\n<p>Damit du in PDF-Dokumente hinein schreiben kannst, m\u00fcssen die Dokumente zuerst herunter geladen werden und dann mit einem geeigneten PDF-Reader ge\u00f6ffnet werden. Hierzu empfiehlt sich der kostenlose Adobe Acrobat Reader DC. Den gibt es auch als App f\u00fcr Android und Apple iOS.<br>Mit Hilfe dieser Apps kann man genauso auf dem Tablet ein PDF-Dokument ausf\u00fcllen. Klicke auf den Link &#8222;Zur Seite mit Anleitungs-Videos&#8220;<\/p>\n\n\n\n<hr class=\"wp-block-separator is-style-wide\"\/>\n\n\n<a class=\"maxbutton-2 maxbutton maxbutton-link\" target=\"_blank\" title=\"Adobe Acrobat reader DC - Download\" rel=\"nofollow noopener\" href=\"https:\/\/get.adobe.com\/de\/reader\/?promoid=KSWLH\"><span class='mb-text'>Adobe Acrobat reader DC - Download<\/span><\/a>\n\n\n\n<h2 class=\"wp-block-heading\">Herunterladen von Adobe Acrobat<\/h2>\n\n\n\n<iframe loading=\"lazy\" src=\"https:\/\/player.vimeo.com\/video\/497005247\" width=\"640\" height=\"348\" frameborder=\"0\" allow=\"autoplay; fullscreen\" allowfullscreen=\"\"><\/iframe>\n\n\n\n<hr class=\"wp-block-separator\"\/>\n\n\n\n<h2 class=\"wp-block-heading\">Einfaches PDF ausf\u00fcllen<\/h2>\n\n\n\n<figure class=\"wp-block-embed is-type-video is-provider-vimeo wp-block-embed-vimeo wp-embed-aspect-16-9 wp-has-aspect-ratio\"><div class=\"wp-block-embed__wrapper\">\n<iframe loading=\"lazy\" title=\"PDF-Dokumente zum Ausfuellen - Teil2\" src=\"https:\/\/player.vimeo.com\/video\/497001546?dnt=1&amp;app_id=122963\" width=\"900\" height=\"489\" frameborder=\"0\" allow=\"autoplay; fullscreen; picture-in-picture\" allowfullscreen><\/iframe>\n<\/div><\/figure>\n\n\n\n<hr class=\"wp-block-separator\"\/>\n\n\n\n<h2 class=\"wp-block-heading\">Aktives PDF ausf\u00fcllen<\/h2>\n\n\n\n<figure class=\"wp-block-embed is-type-video is-provider-vimeo wp-block-embed-vimeo wp-embed-aspect-16-9 wp-has-aspect-ratio\"><div class=\"wp-block-embed__wrapper\">\n<iframe loading=\"lazy\" title=\"PDF-Dokumente zum Ausfuellen - Teil3\" src=\"https:\/\/player.vimeo.com\/video\/497000896?dnt=1&amp;app_id=122963\" width=\"900\" height=\"489\" frameborder=\"0\" allow=\"autoplay; fullscreen; picture-in-picture\" allowfullscreen><\/iframe>\n<\/div><\/figure>\n","protected":false},"excerpt":{"rendered":"<p>Ein gro\u00dfes Problem bei der Abgabe von Hefteintr\u00e4gen in moodle sind die zahlreichen Fotos mit gro\u00dfem Dateivolumen. Hier ist es sehr wichtig, statt Bildern eine PDF, die alle Bilder enth\u00e4lt, hoch zu laden. Das funktioniert mit der App Microsoft Lens. Die App gibt es F\u00fcr Android und iOS-Smartphones. Schau dir&#8230;<\/p>\n<p> <a class=\"continue-reading-link\" href=\"https:\/\/www.friedrich-spee-realschule-plus.de\/?page_id=3728\"><span>Weiter lesen ?<\/span><i class=\"crycon-right-dir\"><\/i><\/a> <\/p>\n","protected":false},"author":1,"featured_media":0,"parent":3259,"menu_order":0,"comment_status":"closed","ping_status":"closed","template":"","meta":{"footnotes":""},"class_list":["post-3728","page","type-page","status-publish","hentry"],"_links":{"self":[{"href":"https:\/\/www.friedrich-spee-realschule-plus.de\/index.php?rest_route=\/wp\/v2\/pages\/3728","targetHints":{"allow":["GET"]}}],"collection":[{"href":"https:\/\/www.friedrich-spee-realschule-plus.de\/index.php?rest_route=\/wp\/v2\/pages"}],"about":[{"href":"https:\/\/www.friedrich-spee-realschule-plus.de\/index.php?rest_route=\/wp\/v2\/types\/page"}],"author":[{"embeddable":true,"href":"https:\/\/www.friedrich-spee-realschule-plus.de\/index.php?rest_route=\/wp\/v2\/users\/1"}],"replies":[{"embeddable":true,"href":"https:\/\/www.friedrich-spee-realschule-plus.de\/index.php?rest_route=%2Fwp%2Fv2%2Fcomments&post=3728"}],"version-history":[{"count":8,"href":"https:\/\/www.friedrich-spee-realschule-plus.de\/index.php?rest_route=\/wp\/v2\/pages\/3728\/revisions"}],"predecessor-version":[{"id":3785,"href":"https:\/\/www.friedrich-spee-realschule-plus.de\/index.php?rest_route=\/wp\/v2\/pages\/3728\/revisions\/3785"}],"up":[{"embeddable":true,"href":"https:\/\/www.friedrich-spee-realschule-plus.de\/index.php?rest_route=\/wp\/v2\/pages\/3259"}],"wp:attachment":[{"href":"https:\/\/www.friedrich-spee-realschule-plus.de\/index.php?rest_route=%2Fwp%2Fv2%2Fmedia&parent=3728"}],"curies":[{"name":"wp","href":"https:\/\/api.w.org\/{rel}","templated":true}]}}