{"id":3642,"date":"2020-11-01T15:35:48","date_gmt":"2020-11-01T15:35:48","guid":{"rendered":"https:\/\/www.friedrich-spee-realschule-plus.de\/?page_id=3642"},"modified":"2020-11-01T18:26:54","modified_gmt":"2020-11-01T18:26:54","slug":"das-kompetenztraining","status":"publish","type":"page","link":"https:\/\/www.friedrich-spee-realschule-plus.de\/?page_id=3642","title":{"rendered":"Das Kompetenztraining"},"content":{"rendered":"\n<h4 class=\"wp-block-heading\">Sch\u00fclerinnen und Sch\u00fcler lernen, wie man lernt!<\/h4>\n\n\n\n<p>Die Jungen und M\u00e4dchen der Friedrich-Spee-Realschule plus trainieren an vier besonderen Tagen, wie man erfolgreich in der Schule lernt und arbeitet. Schon seit mehr als f\u00fcnfzehn Jahren hat sich die Schule dem eigenverantwortlichen Arbeiten und Lernen verschrieben (EVA). Das Programm wurde im Laufe der Jahre \u00fcberarbeiten und der Lebenswelt der Sch\u00fcler\/ innen angepasst.<\/p>\n\n\n\n<figure class=\"wp-block-image size-large\"><img loading=\"lazy\" decoding=\"async\" width=\"1647\" height=\"1080\" src=\"https:\/\/www.friedrich-spee-realschule-plus.de\/wp-content\/uploads\/2014\/12\/Klippert-Bild-2-Systematische-Unterrichtsentwicklung.jpg\" alt=\"\" class=\"wp-image-945\" srcset=\"https:\/\/www.friedrich-spee-realschule-plus.de\/wp-content\/uploads\/2014\/12\/Klippert-Bild-2-Systematische-Unterrichtsentwicklung.jpg 1647w, https:\/\/www.friedrich-spee-realschule-plus.de\/wp-content\/uploads\/2014\/12\/Klippert-Bild-2-Systematische-Unterrichtsentwicklung-300x196.jpg 300w, https:\/\/www.friedrich-spee-realschule-plus.de\/wp-content\/uploads\/2014\/12\/Klippert-Bild-2-Systematische-Unterrichtsentwicklung-228x150.jpg 228w, https:\/\/www.friedrich-spee-realschule-plus.de\/wp-content\/uploads\/2014\/12\/Klippert-Bild-2-Systematische-Unterrichtsentwicklung-150x98.jpg 150w\" sizes=\"auto, (max-width: 1647px) 100vw, 1647px\" \/><\/figure>\n\n\n\n<p>Nach den Weihnachtsferien werden die Sch\u00fcler\/-innen mit wichtigen Arbeitsmethoden vertraut gemacht, auf die die Lehrer\/ innen im Laufe des Schuljahres im Fachunterricht immer wieder zur\u00fcckgreifen. Das Programm der Kompetenz-Tage wird von Lehrerteams vorbereitet und durchgef\u00fchrt und sie sorgen auch daf\u00fcr, dass die Methoden im t\u00e4glichen Fachunterricht weiter gepflegt und gefestigt werden.<\/p>\n\n\n\n<figure class=\"wp-block-image size-large\"><img loading=\"lazy\" decoding=\"async\" width=\"1531\" height=\"1080\" src=\"https:\/\/www.friedrich-spee-realschule-plus.de\/wp-content\/uploads\/2014\/12\/Klippert-Bild-3-Unterrichtsentwicklung.jpg\" alt=\"\" class=\"wp-image-946\" srcset=\"https:\/\/www.friedrich-spee-realschule-plus.de\/wp-content\/uploads\/2014\/12\/Klippert-Bild-3-Unterrichtsentwicklung.jpg 1531w, https:\/\/www.friedrich-spee-realschule-plus.de\/wp-content\/uploads\/2014\/12\/Klippert-Bild-3-Unterrichtsentwicklung-300x211.jpg 300w, https:\/\/www.friedrich-spee-realschule-plus.de\/wp-content\/uploads\/2014\/12\/Klippert-Bild-3-Unterrichtsentwicklung-212x150.jpg 212w, https:\/\/www.friedrich-spee-realschule-plus.de\/wp-content\/uploads\/2014\/12\/Klippert-Bild-3-Unterrichtsentwicklung-150x105.jpg 150w\" sizes=\"auto, (max-width: 1531px) 100vw, 1531px\" \/><\/figure>\n\n\n\n<p>Schwerpunkt in den Klassen 5 ist das Methodentraining, in dem Lernregeln erarbeitet werden, die helfen, den allt\u00e4glichen schulischen Anforderungen besser gerecht zu werden. Au\u00dferdem steht die systematische Erschlie\u00dfung von Sachtexten (5-Schritt-Lesemethode) an, eine wichtige Fertigkeit, die sowohl im Alltag als auch im Laufe der gesamten Schulzeit in allen Sachf\u00e4chern gefragt ist.<\/p>\n\n\n\n<figure class=\"wp-block-image size-large\"><img loading=\"lazy\" decoding=\"async\" width=\"1446\" height=\"1080\" src=\"https:\/\/www.friedrich-spee-realschule-plus.de\/wp-content\/uploads\/2014\/12\/Klippert-Foto-3.jpg\" alt=\"\" class=\"wp-image-947\" srcset=\"https:\/\/www.friedrich-spee-realschule-plus.de\/wp-content\/uploads\/2014\/12\/Klippert-Foto-3.jpg 1446w, https:\/\/www.friedrich-spee-realschule-plus.de\/wp-content\/uploads\/2014\/12\/Klippert-Foto-3-300x224.jpg 300w, https:\/\/www.friedrich-spee-realschule-plus.de\/wp-content\/uploads\/2014\/12\/Klippert-Foto-3-200x150.jpg 200w, https:\/\/www.friedrich-spee-realschule-plus.de\/wp-content\/uploads\/2014\/12\/Klippert-Foto-3-150x112.jpg 150w\" sizes=\"auto, (max-width: 1446px) 100vw, 1446px\" \/><\/figure>\n\n\n\n<p>In Klasse 6 geht es um die Teamentwicklung, Gruppenarbeit wird erprobt, es werden gemeinsam Gespr\u00e4chsregeln entwickelt und am Ende entsteht ein Fahrplan zur Gruppenarbeit, der als Zug im Klassenzimmer angebracht und im Laufe des Schuljahres immer wieder zu Rate gezogen wird, wenn Gruppenarbeit ansteht.<\/p>\n\n\n\n<figure class=\"wp-block-image size-large\"><img loading=\"lazy\" decoding=\"async\" width=\"1446\" height=\"1080\" src=\"https:\/\/www.friedrich-spee-realschule-plus.de\/wp-content\/uploads\/2014\/12\/Klippert-Foto-2.jpg\" alt=\"\" class=\"wp-image-948\" srcset=\"https:\/\/www.friedrich-spee-realschule-plus.de\/wp-content\/uploads\/2014\/12\/Klippert-Foto-2.jpg 1446w, https:\/\/www.friedrich-spee-realschule-plus.de\/wp-content\/uploads\/2014\/12\/Klippert-Foto-2-300x224.jpg 300w, https:\/\/www.friedrich-spee-realschule-plus.de\/wp-content\/uploads\/2014\/12\/Klippert-Foto-2-200x150.jpg 200w, https:\/\/www.friedrich-spee-realschule-plus.de\/wp-content\/uploads\/2014\/12\/Klippert-Foto-2-150x112.jpg 150w\" sizes=\"auto, (max-width: 1446px) 100vw, 1446px\" \/><\/figure>\n\n\n\n<p>In Klasse 7 lautet der Schwerpunkt Kommunikationstraining: Dabei wird das eigene Gespr\u00e4chsverhalten unter die Lupe genommen, eine m\u00f6gliche, und bei vielen Sch\u00fclern verbreitete, Sprechangst wird thematisiert, die Sch\u00fcler entwickeln Regeln f\u00fcr das freie Sprechen, das sie anschlie\u00dfend, genau wie das aktive Zuh\u00f6ren, an handlungsorientierten Aufgaben erproben.<\/p>\n\n\n\n<figure class=\"wp-block-image size-large\"><img loading=\"lazy\" decoding=\"async\" width=\"1919\" height=\"1080\" src=\"https:\/\/www.friedrich-spee-realschule-plus.de\/wp-content\/uploads\/2014\/12\/Klippert-Bild-1.jpg\" alt=\"\" class=\"wp-image-949\" srcset=\"https:\/\/www.friedrich-spee-realschule-plus.de\/wp-content\/uploads\/2014\/12\/Klippert-Bild-1.jpg 1919w, https:\/\/www.friedrich-spee-realschule-plus.de\/wp-content\/uploads\/2014\/12\/Klippert-Bild-1-300x168.jpg 300w, https:\/\/www.friedrich-spee-realschule-plus.de\/wp-content\/uploads\/2014\/12\/Klippert-Bild-1-250x140.jpg 250w, https:\/\/www.friedrich-spee-realschule-plus.de\/wp-content\/uploads\/2014\/12\/Klippert-Bild-1-150x84.jpg 150w\" sizes=\"auto, (max-width: 1919px) 100vw, 1919px\" \/><\/figure>\n\n\n\n<p>In den 8. Klassen dienen die Kompetenz-Tage der Wiederholung der in den vorausgegangenen Jahren erlernten Methoden, hier wird ein besonderer Akzent auf die modernen Medien und ihren handlungsorientierten Einsatz im Unterricht gelegt.<\/p>\n\n\n\n<p>Die Sch\u00fclerinnen und Sch\u00fcler der Klassen 10 planen und bereiten im Wechsel von Einzel-, Partner- und Gruppenarbeit ihre Abschlussfeier vor.<br>Dieser st\u00e4ndige Wechsel der Arbeitsform in allen Jahrgangsstufen f\u00fchrt dazu, dass sich die Inhalte besser einschleifen und sorgt auch f\u00fcr einen abwechslungsreichen Unterricht. Die Sozialkompetenz der Sch\u00fcler wird gef\u00f6rdert, da sie mit den unterschiedlichsten Mitsch\u00fclerinnen und Mitsch\u00fclern zusammenarbeiten.<\/p>\n","protected":false},"excerpt":{"rendered":"<p>Sch\u00fclerinnen und Sch\u00fcler lernen, wie man lernt! Die Jungen und M\u00e4dchen der Friedrich-Spee-Realschule plus trainieren an vier besonderen Tagen, wie man erfolgreich in der Schule lernt und arbeitet. Schon seit mehr als f\u00fcnfzehn Jahren hat sich die Schule dem eigenverantwortlichen Arbeiten und Lernen verschrieben (EVA). Das Programm wurde im Laufe&#8230;<\/p>\n<p> <a class=\"continue-reading-link\" href=\"https:\/\/www.friedrich-spee-realschule-plus.de\/?page_id=3642\"><span>Weiter lesen ?<\/span><i class=\"crycon-right-dir\"><\/i><\/a> <\/p>\n","protected":false},"author":3,"featured_media":0,"parent":175,"menu_order":2,"comment_status":"closed","ping_status":"closed","template":"","meta":{"footnotes":""},"class_list":["post-3642","page","type-page","status-publish","hentry"],"_links":{"self":[{"href":"https:\/\/www.friedrich-spee-realschule-plus.de\/index.php?rest_route=\/wp\/v2\/pages\/3642","targetHints":{"allow":["GET"]}}],"collection":[{"href":"https:\/\/www.friedrich-spee-realschule-plus.de\/index.php?rest_route=\/wp\/v2\/pages"}],"about":[{"href":"https:\/\/www.friedrich-spee-realschule-plus.de\/index.php?rest_route=\/wp\/v2\/types\/page"}],"author":[{"embeddable":true,"href":"https:\/\/www.friedrich-spee-realschule-plus.de\/index.php?rest_route=\/wp\/v2\/users\/3"}],"replies":[{"embeddable":true,"href":"https:\/\/www.friedrich-spee-realschule-plus.de\/index.php?rest_route=%2Fwp%2Fv2%2Fcomments&post=3642"}],"version-history":[{"count":2,"href":"https:\/\/www.friedrich-spee-realschule-plus.de\/index.php?rest_route=\/wp\/v2\/pages\/3642\/revisions"}],"predecessor-version":[{"id":3645,"href":"https:\/\/www.friedrich-spee-realschule-plus.de\/index.php?rest_route=\/wp\/v2\/pages\/3642\/revisions\/3645"}],"up":[{"embeddable":true,"href":"https:\/\/www.friedrich-spee-realschule-plus.de\/index.php?rest_route=\/wp\/v2\/pages\/175"}],"wp:attachment":[{"href":"https:\/\/www.friedrich-spee-realschule-plus.de\/index.php?rest_route=%2Fwp%2Fv2%2Fmedia&parent=3642"}],"curies":[{"name":"wp","href":"https:\/\/api.w.org\/{rel}","templated":true}]}}