{"id":3474,"date":"2020-10-04T08:58:15","date_gmt":"2020-10-04T08:58:15","guid":{"rendered":"https:\/\/www.friedrich-spee-realschule-plus.de\/?page_id=3474"},"modified":"2021-09-27T08:31:41","modified_gmt":"2021-09-27T08:31:41","slug":"video-unterricht-konferenzen-mit-bigbluebutton","status":"publish","type":"page","link":"https:\/\/www.friedrich-spee-realschule-plus.de\/?page_id=3474","title":{"rendered":"Video-Unterricht &#038; Konferenzen mit BigBlueButton"},"content":{"rendered":"\n<p>Seit Anfang Oktober 2020 hei\u00dft  die Landesl\u00f6sung f\u00fcr Video-Unterricht und Konferenzen &#8211; Big-Blue-Button kurz BBB<\/p>\n\n\n\n<p>Da viele Sch\u00fclerinnen und Sch\u00fcler nur von zuhause lernen k\u00f6nnen, bietet es sich an, verschiedene Unterrichtsinhalte per Video-Konferenz zu besprechen und erkl\u00e4ren.<\/p>\n\n\n\n<p>Hier findet man Anleitungen, wie das mit einer Video-Unterrichtsstunde funktioniert.<br>Man sollte \u00fcber einen PC mit WebCam und Lautsprechern oder \u00fcber ein Notebook mit integrierter Webcam verf\u00fcgen.<br>Auch mit dem Tablet oder Smartphone funktioniert es. Hier die Anleitungs-Videos.<\/p>\n<br>\n\n\n\n<hr class=\"wp-block-separator is-style-wide\"\/>\n\n\n\n<h3 class=\"wp-block-heading\">Video Anleitungen<\/h3>\n\n\n\n<h4 class=\"wp-block-heading\">Anleitung zur Anwendung des Videokonferenzsystems BigBlueButton<\/h4>\n\n\n\n<figure class=\"wp-block-image size-large\"><a href=\"https:\/\/vimeo.com\/412670240_blank\"><img loading=\"lazy\" decoding=\"async\" width=\"319\" height=\"212\" src=\"https:\/\/www.friedrich-spee-realschule-plus.de\/wp-content\/uploads\/2020\/10\/2020-BBB-Lehrer.png\" alt=\"\" class=\"wp-image-3477\" srcset=\"https:\/\/www.friedrich-spee-realschule-plus.de\/wp-content\/uploads\/2020\/10\/2020-BBB-Lehrer.png 319w, https:\/\/www.friedrich-spee-realschule-plus.de\/wp-content\/uploads\/2020\/10\/2020-BBB-Lehrer-300x199.png 300w, https:\/\/www.friedrich-spee-realschule-plus.de\/wp-content\/uploads\/2020\/10\/2020-BBB-Lehrer-150x100.png 150w\" sizes=\"auto, (max-width: 319px) 100vw, 319px\" \/><\/a><\/figure>\n\n\n\n<h5> <a rel=\"noreferrer noopener\" href=\"https:\/\/vimeo.com\/412670240\" data-type=\"URL\" data-id=\"https:\/\/vimeo.com\/412670240\" target=\"_blank\">https:\/\/vimeo.com\/412670240<\/a><\/h5>\n<br>\n\n\n\n<hr class=\"wp-block-separator is-style-wide\"\/>\n\n\n\n<figure class=\"wp-block-image size-large\"><a href=\"https:\/\/vimeo.com\/412671096\"><img loading=\"lazy\" decoding=\"async\" width=\"310\" height=\"213\" src=\"https:\/\/www.friedrich-spee-realschule-plus.de\/wp-content\/uploads\/2020\/10\/2020-BBB-Teilnehmer.png\" alt=\"\" class=\"wp-image-3478\" srcset=\"https:\/\/www.friedrich-spee-realschule-plus.de\/wp-content\/uploads\/2020\/10\/2020-BBB-Teilnehmer.png 310w, https:\/\/www.friedrich-spee-realschule-plus.de\/wp-content\/uploads\/2020\/10\/2020-BBB-Teilnehmer-300x206.png 300w, https:\/\/www.friedrich-spee-realschule-plus.de\/wp-content\/uploads\/2020\/10\/2020-BBB-Teilnehmer-150x103.png 150w\" sizes=\"auto, (max-width: 310px) 100vw, 310px\" \/><\/a><\/figure>\n\n\n\n<h5> <a href=\"https:\/\/vimeo.com\/412671096\" target=\"_blank\" rel=\"noreferrer noopener\">https:\/\/vimeo.com\/412670240<\/a><\/h5>\n<br>\n\n\n\n<hr class=\"wp-block-separator is-style-wide\"\/>\n\n\n\n<figure class=\"wp-block-image size-large\"><a href=\"https:\/\/vimeo.com\/412671965\"><img loading=\"lazy\" decoding=\"async\" width=\"320\" height=\"210\" src=\"https:\/\/www.friedrich-spee-realschule-plus.de\/wp-content\/uploads\/2020\/10\/2020-BBB-Teilnehmer-Smartphone.png\" alt=\"\" class=\"wp-image-3479\" srcset=\"https:\/\/www.friedrich-spee-realschule-plus.de\/wp-content\/uploads\/2020\/10\/2020-BBB-Teilnehmer-Smartphone.png 320w, https:\/\/www.friedrich-spee-realschule-plus.de\/wp-content\/uploads\/2020\/10\/2020-BBB-Teilnehmer-Smartphone-300x197.png 300w, https:\/\/www.friedrich-spee-realschule-plus.de\/wp-content\/uploads\/2020\/10\/2020-BBB-Teilnehmer-Smartphone-150x98.png 150w\" sizes=\"auto, (max-width: 320px) 100vw, 320px\" \/><\/a><\/figure>\n\n\n\n<h5> <a href=\"https:\/\/vimeo.com\/412671965\" target=\"_blank\" rel=\"noreferrer noopener\">https:\/\/vimeo.com\/412670240<\/a><\/h5>\n<br>\n\n\n\n<hr class=\"wp-block-separator is-style-wide\"\/>\n\n\n\n<p>   <br><\/p>\n\n\n\n<p><\/p>\n","protected":false},"excerpt":{"rendered":"<p>Seit Anfang Oktober 2020 hei\u00dft die Landesl\u00f6sung f\u00fcr Video-Unterricht und Konferenzen &#8211; Big-Blue-Button kurz BBB Da viele Sch\u00fclerinnen und Sch\u00fcler nur von zuhause lernen k\u00f6nnen, bietet es sich an, verschiedene Unterrichtsinhalte per Video-Konferenz zu besprechen und erkl\u00e4ren. Hier findet man Anleitungen, wie das mit einer Video-Unterrichtsstunde funktioniert.Man sollte \u00fcber einen&#8230;<\/p>\n<p> <a class=\"continue-reading-link\" href=\"https:\/\/www.friedrich-spee-realschule-plus.de\/?page_id=3474\"><span>Weiter lesen ?<\/span><i class=\"crycon-right-dir\"><\/i><\/a> <\/p>\n","protected":false},"author":1,"featured_media":0,"parent":3259,"menu_order":2,"comment_status":"closed","ping_status":"closed","template":"","meta":{"footnotes":""},"class_list":["post-3474","page","type-page","status-publish","hentry"],"_links":{"self":[{"href":"https:\/\/www.friedrich-spee-realschule-plus.de\/index.php?rest_route=\/wp\/v2\/pages\/3474","targetHints":{"allow":["GET"]}}],"collection":[{"href":"https:\/\/www.friedrich-spee-realschule-plus.de\/index.php?rest_route=\/wp\/v2\/pages"}],"about":[{"href":"https:\/\/www.friedrich-spee-realschule-plus.de\/index.php?rest_route=\/wp\/v2\/types\/page"}],"author":[{"embeddable":true,"href":"https:\/\/www.friedrich-spee-realschule-plus.de\/index.php?rest_route=\/wp\/v2\/users\/1"}],"replies":[{"embeddable":true,"href":"https:\/\/www.friedrich-spee-realschule-plus.de\/index.php?rest_route=%2Fwp%2Fv2%2Fcomments&post=3474"}],"version-history":[{"count":14,"href":"https:\/\/www.friedrich-spee-realschule-plus.de\/index.php?rest_route=\/wp\/v2\/pages\/3474\/revisions"}],"predecessor-version":[{"id":3890,"href":"https:\/\/www.friedrich-spee-realschule-plus.de\/index.php?rest_route=\/wp\/v2\/pages\/3474\/revisions\/3890"}],"up":[{"embeddable":true,"href":"https:\/\/www.friedrich-spee-realschule-plus.de\/index.php?rest_route=\/wp\/v2\/pages\/3259"}],"wp:attachment":[{"href":"https:\/\/www.friedrich-spee-realschule-plus.de\/index.php?rest_route=%2Fwp%2Fv2%2Fmedia&parent=3474"}],"curies":[{"name":"wp","href":"https:\/\/api.w.org\/{rel}","templated":true}]}}