{"id":3270,"date":"2020-05-06T19:36:57","date_gmt":"2020-05-06T19:36:57","guid":{"rendered":"https:\/\/www.friedrich-spee-realschule-plus.de\/?page_id=3270"},"modified":"2026-02-05T11:18:20","modified_gmt":"2026-02-05T10:18:20","slug":"ipad-tipps-tricks","status":"publish","type":"page","link":"https:\/\/www.friedrich-spee-realschule-plus.de\/?page_id=3270","title":{"rendered":"iPad &#8211; Tipps &#038; Tricks"},"content":{"rendered":"\n<hr class=\"wp-block-separator has-css-opacity\"\/>\n\n\n\n<h2 class=\"wp-block-heading\">iPad 2026 &#8211; Anleitungen &amp; Tutorials<\/h2>\n\n\n\n<p>Du willst wissen, was du alles mit dem iPad machen kannst?<br>Wie man es f\u00fcr die Schule sinnvoll einsetzten kann?<\/p>\n\n\n\n<p>Egal ob du Lehrer, Elternteil oder Sch\u00fcler bist, in der folgenden Taskcard findest du alle wichtigen Infos, Tutorials und Anregungen zum iPad und dem aktuellen IOS 26.<\/p>\n\n\n\n<figure class=\"wp-block-image size-full\"><a href=\"https:\/\/bkswil.taskcards.app\/#\/board\/99b1936d-8254-42d7-b031-5c54f4eb58f4?token=54826e21-42f4-47ce-8551-5d2b03f70cf8\" target=\"_blank\" rel=\" noreferrer noopener\"><img loading=\"lazy\" decoding=\"async\" width=\"1909\" height=\"908\" src=\"https:\/\/www.friedrich-spee-realschule-plus.de\/wp-content\/uploads\/2026\/02\/image.png\" alt=\"\" class=\"wp-image-5468\" srcset=\"https:\/\/www.friedrich-spee-realschule-plus.de\/wp-content\/uploads\/2026\/02\/image.png 1909w, https:\/\/www.friedrich-spee-realschule-plus.de\/wp-content\/uploads\/2026\/02\/image-300x143.png 300w, https:\/\/www.friedrich-spee-realschule-plus.de\/wp-content\/uploads\/2026\/02\/image-768x365.png 768w, https:\/\/www.friedrich-spee-realschule-plus.de\/wp-content\/uploads\/2026\/02\/image-1536x731.png 1536w, https:\/\/www.friedrich-spee-realschule-plus.de\/wp-content\/uploads\/2026\/02\/image-150x71.png 150w\" sizes=\"auto, (max-width: 1909px) 100vw, 1909px\" \/><\/a><\/figure>\n\n\n\n<div style=\"height:100px\" aria-hidden=\"true\" class=\"wp-block-spacer\"><\/div>\n\n\n\n<hr class=\"wp-block-separator has-alpha-channel-opacity\"\/>\n\n\n\n<h2 class=\"wp-block-heading\">Alles \u00fcber GoodNotes &#8211; die Notizen-App f\u00fcr die Schule<\/h2>\n\n\n\n<p>Du willst alles \u00fcber GoodNotes wissen?<\/p>\n\n\n\n<p>Wie man damit f\u00fcr die Schule arbeiten kann?<\/p>\n\n\n\n<p>In der folgenden Taskcard findest du Infos und interessante Tutorials. <\/p>\n\n\n\n<figure class=\"wp-block-image size-full\"><a href=\"https:\/\/www.taskcards.de\/#\/board\/889a092e-872e-4f97-b153-6592318ef1f8\/view\" target=\"_blank\" rel=\"noreferrer noopener\"><img loading=\"lazy\" decoding=\"async\" width=\"1417\" height=\"932\" src=\"https:\/\/www.friedrich-spee-realschule-plus.de\/wp-content\/uploads\/2023\/03\/GoodNotes-.png\" alt=\"\" class=\"wp-image-4717\" srcset=\"https:\/\/www.friedrich-spee-realschule-plus.de\/wp-content\/uploads\/2023\/03\/GoodNotes-.png 1417w, https:\/\/www.friedrich-spee-realschule-plus.de\/wp-content\/uploads\/2023\/03\/GoodNotes--300x197.png 300w, https:\/\/www.friedrich-spee-realschule-plus.de\/wp-content\/uploads\/2023\/03\/GoodNotes--768x505.png 768w, https:\/\/www.friedrich-spee-realschule-plus.de\/wp-content\/uploads\/2023\/03\/GoodNotes--150x99.png 150w\" sizes=\"auto, (max-width: 1417px) 100vw, 1417px\" \/><\/a><\/figure>\n\n\n\n<div style=\"height:100px\" aria-hidden=\"true\" class=\"wp-block-spacer\"><\/div>\n\n\n\n<hr class=\"wp-block-separator has-alpha-channel-opacity\"\/>\n\n\n\n<h4 class=\"wp-block-heading\"><strong>Fotos komprimieren am iPad &#8211; ganz einfach<\/strong><br> <\/h4>\n\n\n\n<figure class=\"wp-block-embed is-type-video is-provider-youtube wp-block-embed-youtube wp-embed-aspect-16-9 wp-has-aspect-ratio\"><div class=\"wp-block-embed__wrapper\">\n<iframe loading=\"lazy\" title=\"iPad in der Schule - Fotos komprimieren am iPad - ganz einfach\" width=\"900\" height=\"506\" src=\"https:\/\/www.youtube.com\/embed\/QVwk_AD-dKM?feature=oembed\" frameborder=\"0\" allow=\"accelerometer; autoplay; clipboard-write; encrypted-media; gyroscope; picture-in-picture; web-share\" referrerpolicy=\"strict-origin-when-cross-origin\" allowfullscreen><\/iframe>\n<\/div><figcaption class=\"wp-element-caption\"><br><\/figcaption><\/figure>\n\n\n\n<hr class=\"wp-block-separator has-css-opacity\"\/>\n\n\n\n<h4 class=\"wp-block-heading\"><strong>Videos komprimieren am iPad &#8211; ganz einfach<\/strong><br> <\/h4>\n\n\n\n<figure class=\"wp-block-embed is-type-video is-provider-youtube wp-block-embed-youtube wp-embed-aspect-16-9 wp-has-aspect-ratio\"><div class=\"wp-block-embed__wrapper\">\n<iframe loading=\"lazy\" title=\"iPad in der Schule - Videos komprimieren am iPad - ganz einfach\" width=\"900\" height=\"506\" src=\"https:\/\/www.youtube.com\/embed\/Q7NANU6EmZs?feature=oembed\" frameborder=\"0\" allow=\"accelerometer; autoplay; clipboard-write; encrypted-media; gyroscope; picture-in-picture; web-share\" referrerpolicy=\"strict-origin-when-cross-origin\" allowfullscreen><\/iframe>\n<\/div><figcaption class=\"wp-element-caption\"><br><\/figcaption><\/figure>\n\n\n\n<hr class=\"wp-block-separator has-css-opacity\"\/>\n\n\n\n<h4 class=\"wp-block-heading\"><strong>Lernvideos mit dem iPad erstellen<\/strong><br> <\/h4>\n\n\n\n<figure class=\"wp-block-embed is-type-video is-provider-youtube wp-block-embed-youtube wp-embed-aspect-16-9 wp-has-aspect-ratio\"><div class=\"wp-block-embed__wrapper\">\n<iframe loading=\"lazy\" title=\"iPad in der Schule - Lernvideos mit dem iPad erstellen und im Schulmanager verlinken\" width=\"900\" height=\"506\" src=\"https:\/\/www.youtube.com\/embed\/emUXriQhvfk?feature=oembed\" frameborder=\"0\" allow=\"accelerometer; autoplay; clipboard-write; encrypted-media; gyroscope; picture-in-picture; web-share\" referrerpolicy=\"strict-origin-when-cross-origin\" allowfullscreen><\/iframe>\n<\/div><figcaption class=\"wp-element-caption\"><br><\/figcaption><\/figure>\n\n\n\n<hr class=\"wp-block-separator has-css-opacity\"\/>\n\n\n\n<p><\/p>\n\n\n\n<h4 class=\"wp-block-heading\">iMovie f\u00fcr iOS am iPad ausf\u00fchrlich erkl\u00e4rt<\/h4>\n\n\n\n<figure class=\"wp-block-embed is-type-video is-provider-youtube wp-block-embed-youtube wp-embed-aspect-16-9 wp-has-aspect-ratio\"><div class=\"wp-block-embed__wrapper\">\n<iframe loading=\"lazy\" title=\"iMovie fu\u0308r iOS am iPad ausfu\u0308hrlich erkla\u0308rt\" width=\"900\" height=\"506\" src=\"https:\/\/www.youtube.com\/embed\/NM27bG7uehA?feature=oembed\" frameborder=\"0\" allow=\"accelerometer; autoplay; clipboard-write; encrypted-media; gyroscope; picture-in-picture; web-share\" referrerpolicy=\"strict-origin-when-cross-origin\" allowfullscreen><\/iframe>\n<\/div><figcaption class=\"wp-element-caption\"><br><br><\/figcaption><\/figure>\n\n\n\n<hr class=\"wp-block-separator has-css-opacity\"\/>\n\n\n\n<p><\/p>\n\n\n\n<h4 class=\"wp-block-heading\">Dateien mit Documents austauschen<\/h4>\n\n\n\n<p>In diesem Video erf\u00e4hrst du, wie man mit der kostenlosen App Documents Dateien (Fotos, Videos, Musik, Dokumente etc.) vom iPhone oder iPad \u00fcber Wifi auf eine PC oder ein Notebook \u00fcbertragen kann.<\/p>\n\n\n\n<figure class=\"wp-block-embed is-type-video is-provider-youtube wp-block-embed-youtube wp-embed-aspect-16-9 wp-has-aspect-ratio\"><div class=\"wp-block-embed__wrapper\">\n<iframe loading=\"lazy\" title=\"2020 05 Dateien mit Documents austauschen\" width=\"900\" height=\"506\" src=\"https:\/\/www.youtube.com\/embed\/Aso6RfR7PrQ?feature=oembed\" frameborder=\"0\" allow=\"accelerometer; autoplay; clipboard-write; encrypted-media; gyroscope; picture-in-picture; web-share\" referrerpolicy=\"strict-origin-when-cross-origin\" allowfullscreen><\/iframe>\n<\/div><\/figure>\n","protected":false},"excerpt":{"rendered":"<p>iPad 2026 &#8211; Anleitungen &amp; Tutorials Du willst wissen, was du alles mit dem iPad machen kannst?Wie man es f\u00fcr die Schule sinnvoll einsetzten kann? Egal ob du Lehrer, Elternteil oder Sch\u00fcler bist, in der folgenden Taskcard findest du alle wichtigen Infos, Tutorials und Anregungen zum iPad und dem aktuellen&#8230;<\/p>\n<p> <a class=\"continue-reading-link\" href=\"https:\/\/www.friedrich-spee-realschule-plus.de\/?page_id=3270\"><span>Weiter lesen ?<\/span><i class=\"crycon-right-dir\"><\/i><\/a> <\/p>\n","protected":false},"author":1,"featured_media":0,"parent":0,"menu_order":0,"comment_status":"closed","ping_status":"closed","template":"","meta":{"footnotes":""},"class_list":["post-3270","page","type-page","status-publish","hentry"],"_links":{"self":[{"href":"https:\/\/www.friedrich-spee-realschule-plus.de\/index.php?rest_route=\/wp\/v2\/pages\/3270","targetHints":{"allow":["GET"]}}],"collection":[{"href":"https:\/\/www.friedrich-spee-realschule-plus.de\/index.php?rest_route=\/wp\/v2\/pages"}],"about":[{"href":"https:\/\/www.friedrich-spee-realschule-plus.de\/index.php?rest_route=\/wp\/v2\/types\/page"}],"author":[{"embeddable":true,"href":"https:\/\/www.friedrich-spee-realschule-plus.de\/index.php?rest_route=\/wp\/v2\/users\/1"}],"replies":[{"embeddable":true,"href":"https:\/\/www.friedrich-spee-realschule-plus.de\/index.php?rest_route=%2Fwp%2Fv2%2Fcomments&post=3270"}],"version-history":[{"count":17,"href":"https:\/\/www.friedrich-spee-realschule-plus.de\/index.php?rest_route=\/wp\/v2\/pages\/3270\/revisions"}],"predecessor-version":[{"id":5470,"href":"https:\/\/www.friedrich-spee-realschule-plus.de\/index.php?rest_route=\/wp\/v2\/pages\/3270\/revisions\/5470"}],"wp:attachment":[{"href":"https:\/\/www.friedrich-spee-realschule-plus.de\/index.php?rest_route=%2Fwp%2Fv2%2Fmedia&parent=3270"}],"curies":[{"name":"wp","href":"https:\/\/api.w.org\/{rel}","templated":true}]}}