{"id":3259,"date":"2020-04-27T12:58:34","date_gmt":"2020-04-27T12:58:34","guid":{"rendered":"https:\/\/www.friedrich-spee-realschule-plus.de\/?page_id=3259"},"modified":"2023-01-15T14:54:58","modified_gmt":"2023-01-15T13:54:58","slug":"itfsr","status":"publish","type":"page","link":"https:\/\/www.friedrich-spee-realschule-plus.de\/?page_id=3259","title":{"rendered":"IT@FSR+"},"content":{"rendered":"\n<p>Auf dieser Seite findet man alles zum Thema IT an unserer Schule. Es geht um Plattformen, Software und Arbeitstechniken, die wir verwenden.<\/p>\n\n\n\n<p>Man findet viele Links zu verschiedenen Themen, die f\u00fcr ein digitales Lehren, Lernen und Arbeiten hilfreich und auch notwendig sind.<\/p>\n\n\n\n<hr class=\"wp-block-separator has-text-color has-vivid-cyan-blue-color has-css-opacity has-vivid-cyan-blue-background-color has-background is-style-wide\"\/>\n\n\n\n<h2 class=\"wp-block-heading\">Der Schulcampus RLP <\/h2>\n\n\n\n<p>Der Schulcampus RLP ist die digitale Plattform des Landes Rheinland-Pfalz, um den Anforderungen der Bildung in der digitalen Welt zu begegnen. Er wir in n\u00e4chster Zeit f\u00fcr alle Schulen zur Verf\u00fcgung stehen.<\/p>\n\n\n\n<figure class=\"wp-block-image size-full\"><img loading=\"lazy\" decoding=\"async\" width=\"1865\" height=\"713\" src=\"https:\/\/www.friedrich-spee-realschule-plus.de\/wp-content\/uploads\/2021\/11\/2021-FSR-Schulcampus.png\" alt=\"\" class=\"wp-image-3921\" srcset=\"https:\/\/www.friedrich-spee-realschule-plus.de\/wp-content\/uploads\/2021\/11\/2021-FSR-Schulcampus.png 1865w, https:\/\/www.friedrich-spee-realschule-plus.de\/wp-content\/uploads\/2021\/11\/2021-FSR-Schulcampus-300x115.png 300w, https:\/\/www.friedrich-spee-realschule-plus.de\/wp-content\/uploads\/2021\/11\/2021-FSR-Schulcampus-768x294.png 768w, https:\/\/www.friedrich-spee-realschule-plus.de\/wp-content\/uploads\/2021\/11\/2021-FSR-Schulcampus-1536x587.png 1536w, https:\/\/www.friedrich-spee-realschule-plus.de\/wp-content\/uploads\/2021\/11\/2021-FSR-Schulcampus-150x57.png 150w\" sizes=\"auto, (max-width: 1865px) 100vw, 1865px\" \/><\/figure>\n\n\n\n<p>Im Kern geht es darum, den Unterricht auf einfache Weise um digitale Elemente zu bereichern. Hier sind verschiedene Elemente vereint, wie z. B. :<\/p>\n\n\n\n<ul class=\"wp-block-list\">\n<li>eine Cloud zum Speichern und Teilen eigener Dateien.<\/li>\n\n\n\n<li>eine Mediathek mit vielen Dokumenten und Filmen f\u00fcr den Unterricht f\u00fcr nahezu alle schulischen F\u00e4cher.<\/li>\n\n\n\n<li>und der Lernplattform moodle. Hier findet man in Kursen Lerninhalte, \u00dcbungen und Aufgaben parallel oder erg\u00e4nzend zum Pr\u00e4senz-Unterricht.<\/li>\n\n\n\n<li>in Naher Zukunft wir auch noch ein Messenger-Dienst eingebunden.<\/li>\n<\/ul>\n\n\n\n<h2 class=\"wp-block-heading\">Direkter Weg zum Schulcampus der FSR+<\/h2>\n\n\n\n<figure class=\"wp-block-image size-large is-resized\"><img loading=\"lazy\" decoding=\"async\" src=\"https:\/\/www.friedrich-spee-realschule-plus.de\/wp-content\/uploads\/2020\/11\/2020-QR-FSR-Schulcampus-1080x1080.png\" alt=\"\" class=\"wp-image-3665\" width=\"201\" height=\"201\" srcset=\"https:\/\/www.friedrich-spee-realschule-plus.de\/wp-content\/uploads\/2020\/11\/2020-QR-FSR-Schulcampus-1080x1080.png 1080w, https:\/\/www.friedrich-spee-realschule-plus.de\/wp-content\/uploads\/2020\/11\/2020-QR-FSR-Schulcampus-300x300.png 300w, https:\/\/www.friedrich-spee-realschule-plus.de\/wp-content\/uploads\/2020\/11\/2020-QR-FSR-Schulcampus-150x150.png 150w, https:\/\/www.friedrich-spee-realschule-plus.de\/wp-content\/uploads\/2020\/11\/2020-QR-FSR-Schulcampus-768x768.png 768w, https:\/\/www.friedrich-spee-realschule-plus.de\/wp-content\/uploads\/2020\/11\/2020-QR-FSR-Schulcampus-500x500.png 500w, https:\/\/www.friedrich-spee-realschule-plus.de\/wp-content\/uploads\/2020\/11\/2020-QR-FSR-Schulcampus-400x400.png 400w, https:\/\/www.friedrich-spee-realschule-plus.de\/wp-content\/uploads\/2020\/11\/2020-QR-FSR-Schulcampus.png 1147w\" sizes=\"auto, (max-width: 201px) 100vw, 201px\" \/><\/figure>\n\n\n\n<p><a href=\"https:\/\/www.schulcampus-rlp.de\">https:\/\/www.schulc<\/a><a href=\"https:\/\/www.schulcampus-rlp.de\" target=\"_blank\" rel=\"noreferrer noopener\">ampus-rlp.de<\/a><\/p>\n\n\n\n<hr class=\"wp-block-separator has-text-color has-vivid-cyan-blue-color has-css-opacity has-vivid-cyan-blue-background-color has-background is-style-wide\"\/>\n\n\n\n<h2 class=\"wp-block-heading\">Direkter Weg zur FSR+ Lernplattform<\/h2>\n\n\n\n<figure class=\"wp-block-image size-large is-resized\"><img loading=\"lazy\" decoding=\"async\" src=\"https:\/\/www.friedrich-spee-realschule-plus.de\/wp-content\/uploads\/2022\/06\/2022.06.02-moodle-FSR-qr-code-1080x1080.png\" alt=\"\" class=\"wp-image-4227\" width=\"196\" height=\"196\" srcset=\"https:\/\/www.friedrich-spee-realschule-plus.de\/wp-content\/uploads\/2022\/06\/2022.06.02-moodle-FSR-qr-code-1080x1080.png 1080w, https:\/\/www.friedrich-spee-realschule-plus.de\/wp-content\/uploads\/2022\/06\/2022.06.02-moodle-FSR-qr-code-300x300.png 300w, https:\/\/www.friedrich-spee-realschule-plus.de\/wp-content\/uploads\/2022\/06\/2022.06.02-moodle-FSR-qr-code-150x150.png 150w, https:\/\/www.friedrich-spee-realschule-plus.de\/wp-content\/uploads\/2022\/06\/2022.06.02-moodle-FSR-qr-code-768x768.png 768w, https:\/\/www.friedrich-spee-realschule-plus.de\/wp-content\/uploads\/2022\/06\/2022.06.02-moodle-FSR-qr-code-500x500.png 500w, https:\/\/www.friedrich-spee-realschule-plus.de\/wp-content\/uploads\/2022\/06\/2022.06.02-moodle-FSR-qr-code-400x400.png 400w, https:\/\/www.friedrich-spee-realschule-plus.de\/wp-content\/uploads\/2022\/06\/2022.06.02-moodle-FSR-qr-code.png 1155w\" sizes=\"auto, (max-width: 196px) 100vw, 196px\" \/><\/figure>\n\n\n\n<p><a href=\"https:\/\/lms2.schulcampus-rlp.de\/SN-40552\">https:\/\/lms2.schulcampus-rlp.de\/SN-40552<\/a> <\/p>\n\n\n\n<hr class=\"wp-block-separator has-text-color has-vivid-cyan-blue-color has-css-opacity has-vivid-cyan-blue-background-color has-background is-style-wide\"\/>\n\n\n\n<h2 class=\"wp-block-heading\">PDF-Dokumente erstellen &amp; ausf\u00fcllen<\/h2>\n\n\n\n<p>In diesem Teil geht es um das Erstellen so wie Bearbeiten und Ausf\u00fcllen von PDF-Dokumenten.<\/p>\n\n\n\n<p>Ein gro\u00dfes Problem bei der Abgabe von Hefteintr\u00e4gen in moodle sind die zahlreichen Fotos mit gro\u00dfem Dateivolumen. Hier ist es sehr wichtig, statt Bildern <strong>eine<\/strong> PDF, die alle Bilder enth\u00e4lt, hoch zu laden. Das funktioniert mit der App Microsoft Lens.<\/p>\n\n\n\n<p>Damit du in PDF-Dokumente hinein schreiben kannst, m\u00fcssen die Dokumente zuerst herunter geladen werden und dann mit einem geeigneten PDF-Reader ge\u00f6ffnet werden. Hierzu empfiehlt sich der kostenlose Adobe Acrobat Reader DC. Den gibt es auch als App f\u00fcr Android und Apple iOS.<br>Mit Hilfe dieser Apps kann man genauso auf dem Tablet ein PDF-Dokument ausf\u00fcllen. Klicke auf den Link &#8222;Zur Seite mit Anleitungs-Videos&#8220;<\/p>\n\n\n<a class=\"maxbutton-2 maxbutton maxbutton-link\" target=\"_blank\" title=\"Zur Seite mit Anleitungs-Videos\" rel=\"nofollow noopener\" href=\"https:\/\/www.friedrich-spee-realschule-plus.de\/?page_id=3728\"><span class='mb-text'>Zur Seite - PDF-Dokumente erstellen &amp; ausf\u00fcllen<\/span><\/a>\n\n\n\n<hr class=\"wp-block-separator has-css-opacity is-style-wide\"\/>\n\n\n\n<h2 class=\"wp-block-heading\">Virtuelle Klassenzimmer &#8211; Anleitungen<\/h2>\n\n\n\n<p>An der FSR+ Neumagen-Dhron arbeiten wir begleitend zu unserm normalen Unterricht auch mit der Lernplattform moodle.<br>Hier gelangt man zur Info-Seite moodle. Dort findet man alle n\u00f6tigen Informationen, vom Login bis hin zum Down- und Upload von Auftr\u00e4gen und Aufgaben.<\/p>\n\n\n<a class=\"maxbutton-2 maxbutton maxbutton-link\" target=\"_blank\" title=\"Link zur Info-Seite moodle\" rel=\"nofollow noopener\" href=\"https:\/\/www.friedrich-spee-realschule-plus.de\/?page_id=3277\"><span class='mb-text'>Die Schulbox - Materialaustausch - Verteilen - Speichern etc. mit Tutorial und Video<\/span><\/a>\n\n\n\n<p> <\/p>\n<br>\n\n\n\n<hr class=\"wp-block-separator has-text-color has-vivid-cyan-blue-color has-css-opacity has-vivid-cyan-blue-background-color has-background is-style-wide\"\/>\n\n\n\n<h2 class=\"wp-block-heading\">Video-Unterricht mit BigBlueButton kurz BBB<\/h2>\n\n\n\n<p>Da viele Sch\u00fclerinnen und Sch\u00fcler nur von zuhause lernen k\u00f6nnen, bietet es sich an, verschiedene Unterrichtsinhalte per Video-Konferenz zu besprechen und erkl\u00e4ren. <\/p>\n\n\n\n<p>Hier findet man Anleitungen, wie das mit einer Video-Unterrichtsstunde funktioniert.<br>Man sollte \u00fcber einen PC mit WebCam und Lautsprechern oder \u00fcber ein Notebook mit integrierter Webcam verf\u00fcgen.<br>Auch mit dem Tablet oder Smartphone funktioniert es. Hier die Anleitungs-Videos.<\/p>\n\n\n<a class=\"maxbutton-2 maxbutton maxbutton-link\" target=\"_blank\" title=\"Anleitungen zum Videokonferenz-System mit Big-Blue-Button\" rel=\"nofollow noopener\" href=\"https:\/\/www.friedrich-spee-realschule-plus.de\/?page_id=3474\"><span class='mb-text'>Anleitungen zum Videokonferenz-System mit Big-Blue-Button<\/span><\/a>\n\n\n\n<p style=\"font-size:4px\"> <\/p>\n<br>\n\n\n\n<hr class=\"wp-block-separator has-css-opacity is-style-wide\"\/>\n\n\n\n<h2 class=\"wp-block-heading\">Nextloud &#8211; Dein H:\\Laufwerk<\/h2>\n\n\n\n<p>Hier kannst Du auf Dein H:\\Laufwerk auf dem Schul-Server zugreifen. So kannst Du auch von zuhause aus auf Deine Dateien zugreifen und auch Dateien bearbeiten und hochladen.<\/p>\n\n\n<a class=\"maxbutton-2 maxbutton maxbutton-link\" target=\"_blank\" title=\"Link zur FSR-Cloud\" rel=\"nofollow noopener\" href=\"https:\/\/cloud.rpl-40552-0.dn.mnsnet.de\/\"><span class='mb-text'>Link zur FSR-Cloud<\/span><\/a>\n\n\n\n<p>Um Dich dort einzuloggen, brauchst Du nur deinen MNS+ Benutzernamen und dein Passwort.<\/p>\n\n\n\n<hr class=\"wp-block-separator has-css-opacity is-style-wide\"\/>\n\n\n\n<h2 class=\"wp-block-heading\">TaskCard zum Thema Pr\u00e4sentieren<\/h2>\n\n\n\n<p>In der folgenden TaskCard sind viele Informationen zu Pr\u00e4sentationstechniken, Software und lizenzfreien Medien zusammengestellt.<\/p>\n\n\n\n<figure class=\"wp-block-image size-full\"><a href=\"https:\/\/www.taskcards.de\/#\/board\/8152a51f-c0ef-4de1-b038-7fdfbaeaa7b8?token=f4cf6fec-c075-4b24-a4a1-1c724bcc3bf4\" target=\"_blank\" rel=\"noreferrer noopener\"><img loading=\"lazy\" decoding=\"async\" width=\"1852\" height=\"844\" src=\"https:\/\/www.friedrich-spee-realschule-plus.de\/wp-content\/uploads\/2023\/01\/TC-Praesentationen.png\" alt=\"\" class=\"wp-image-4563\" srcset=\"https:\/\/www.friedrich-spee-realschule-plus.de\/wp-content\/uploads\/2023\/01\/TC-Praesentationen.png 1852w, https:\/\/www.friedrich-spee-realschule-plus.de\/wp-content\/uploads\/2023\/01\/TC-Praesentationen-300x137.png 300w, https:\/\/www.friedrich-spee-realschule-plus.de\/wp-content\/uploads\/2023\/01\/TC-Praesentationen-768x350.png 768w, https:\/\/www.friedrich-spee-realschule-plus.de\/wp-content\/uploads\/2023\/01\/TC-Praesentationen-1536x700.png 1536w, https:\/\/www.friedrich-spee-realschule-plus.de\/wp-content\/uploads\/2023\/01\/TC-Praesentationen-150x68.png 150w\" sizes=\"auto, (max-width: 1852px) 100vw, 1852px\" \/><\/a><\/figure>\n\n\n\n<p>  <\/p>\n\n\n\n<hr class=\"wp-block-separator has-css-opacity is-style-wide\"\/>\n\n\n\n<h2 class=\"wp-block-heading\">MasterTool &#8211; Software<\/h2>\n\n\n\n<p>Mit dem kostenlosen MasterTool Basissystem k\u00f6nnen die Sch\u00fclerinnen und Sch\u00fcler die Themenpakete, die Lehrer f\u00fcr sie zusammengestellt oder vorbereitet haben, ansehen und \u00dcbungen durchf\u00fchren.<\/p>\n\n\n<a class=\"maxbutton-2 maxbutton maxbutton-link\" target=\"_blank\" title=\"Download der kostenlosen Installationsdatei\" rel=\"nofollow noopener\" href=\"https:\/\/media.sodis.de\/users\/com\/Mastertool\/MTBS-mastertool-basissystem_6_2.zip\"><span class='mb-text'>Download der kostenlosen Installationsdatei<\/span><\/a>\n\n\n\n<p>  <\/p>\n\n\n\n<hr class=\"wp-block-separator has-css-opacity is-style-wide\"\/>\n\n\n\n<h2 class=\"wp-block-heading\">iPads &#8211; Tipps &amp; Tricks<\/h2>\n\n\n\n<p>Hier erf\u00e4hrst Du, wie man mit dem iPad viele interessante Dinge einfach l\u00f6sen kann. So z. B. wie man Fotos oder Videos f\u00fcr das Versenden als Mailanhang  oder Hochladen bei moodle verkleinern kann. Oder wie man mit dem iPad ein Screen-Video erstellen kann. Wenn Du neugierig geworden bist, klicke auf <\/p>\n\n\n<a class=\"maxbutton-2 maxbutton maxbutton-link\" target=\"_blank\" title=\"iPads \u2013 Tipps &amp; Tricks\" rel=\"nofollow noopener\" href=\"https:\/\/www.friedrich-spee-realschule-plus.de\/wp-admin\/post.php?post=3270&#038;action=edit\"><span class='mb-text'>iPads \u2013 Tipps &amp; Tricks<\/span><\/a>\n\n\n\n<hr class=\"wp-block-separator has-css-opacity\"\/>\n\n\n\n<h3 class=\"wp-block-heading\">Weitere&nbsp;Seiten unter dieser Rubrik<\/h3>\n\n\n\n<ul class=\"su-subpages\"><li class=\"page_item page-item-3728\"><a href=\"https:\/\/www.friedrich-spee-realschule-plus.de\/?page_id=3728\">PDF-Dokumente erstellen<\/a><\/li>\n<li class=\"page_item page-item-4070\"><a href=\"https:\/\/www.friedrich-spee-realschule-plus.de\/?page_id=4070\">Ukraine &#038; FSR+<\/a><\/li>\n<li class=\"page_item page-item-3006\"><a href=\"https:\/\/www.friedrich-spee-realschule-plus.de\/?page_id=3006\">Software &#038; EDV<\/a><\/li>\n<li class=\"page_item page-item-3474\"><a href=\"https:\/\/www.friedrich-spee-realschule-plus.de\/?page_id=3474\">Video-Unterricht &#038; Konferenzen mit BigBlueButton<\/a><\/li>\n<li class=\"page_item page-item-3277\"><a href=\"https:\/\/www.friedrich-spee-realschule-plus.de\/?page_id=3277\">Info-Seite Lernplattform-FSR<\/a><\/li>\n<\/ul>\n\n\n\n<p><\/p>\n\n\n\n<figure class=\"wp-block-image size-full\"><img loading=\"lazy\" decoding=\"async\" width=\"1466\" height=\"730\" src=\"https:\/\/www.friedrich-spee-realschule-plus.de\/wp-content\/uploads\/2022\/07\/185_19_Logo_Digitalpakt_Schule_02-1.jpg\" alt=\"\" class=\"wp-image-4318\" srcset=\"https:\/\/www.friedrich-spee-realschule-plus.de\/wp-content\/uploads\/2022\/07\/185_19_Logo_Digitalpakt_Schule_02-1.jpg 1466w, https:\/\/www.friedrich-spee-realschule-plus.de\/wp-content\/uploads\/2022\/07\/185_19_Logo_Digitalpakt_Schule_02-1-300x149.jpg 300w, https:\/\/www.friedrich-spee-realschule-plus.de\/wp-content\/uploads\/2022\/07\/185_19_Logo_Digitalpakt_Schule_02-1-768x382.jpg 768w, https:\/\/www.friedrich-spee-realschule-plus.de\/wp-content\/uploads\/2022\/07\/185_19_Logo_Digitalpakt_Schule_02-1-150x75.jpg 150w\" sizes=\"auto, (max-width: 1466px) 100vw, 1466px\" \/><\/figure>\n","protected":false},"excerpt":{"rendered":"<p>Auf dieser Seite findet man alles zum Thema IT an unserer Schule. Es geht um Plattformen, Software und Arbeitstechniken, die wir verwenden. Man findet viele Links zu verschiedenen Themen, die f\u00fcr ein digitales Lehren, Lernen und Arbeiten hilfreich und auch notwendig sind. Der Schulcampus RLP Der Schulcampus RLP ist die&#8230;<\/p>\n<p> <a class=\"continue-reading-link\" href=\"https:\/\/www.friedrich-spee-realschule-plus.de\/?page_id=3259\"><span>Weiter lesen ?<\/span><i class=\"crycon-right-dir\"><\/i><\/a> <\/p>\n","protected":false},"author":1,"featured_media":0,"parent":0,"menu_order":0,"comment_status":"closed","ping_status":"closed","template":"","meta":{"footnotes":""},"class_list":["post-3259","page","type-page","status-publish","hentry"],"_links":{"self":[{"href":"https:\/\/www.friedrich-spee-realschule-plus.de\/index.php?rest_route=\/wp\/v2\/pages\/3259","targetHints":{"allow":["GET"]}}],"collection":[{"href":"https:\/\/www.friedrich-spee-realschule-plus.de\/index.php?rest_route=\/wp\/v2\/pages"}],"about":[{"href":"https:\/\/www.friedrich-spee-realschule-plus.de\/index.php?rest_route=\/wp\/v2\/types\/page"}],"author":[{"embeddable":true,"href":"https:\/\/www.friedrich-spee-realschule-plus.de\/index.php?rest_route=\/wp\/v2\/users\/1"}],"replies":[{"embeddable":true,"href":"https:\/\/www.friedrich-spee-realschule-plus.de\/index.php?rest_route=%2Fwp%2Fv2%2Fcomments&post=3259"}],"version-history":[{"count":64,"href":"https:\/\/www.friedrich-spee-realschule-plus.de\/index.php?rest_route=\/wp\/v2\/pages\/3259\/revisions"}],"predecessor-version":[{"id":4568,"href":"https:\/\/www.friedrich-spee-realschule-plus.de\/index.php?rest_route=\/wp\/v2\/pages\/3259\/revisions\/4568"}],"wp:attachment":[{"href":"https:\/\/www.friedrich-spee-realschule-plus.de\/index.php?rest_route=%2Fwp%2Fv2%2Fmedia&parent=3259"}],"curies":[{"name":"wp","href":"https:\/\/api.w.org\/{rel}","templated":true}]}}