{"id":3006,"date":"2020-01-09T16:05:40","date_gmt":"2020-01-09T16:05:40","guid":{"rendered":"https:\/\/www.friedrich-spee-realschule-plus.de\/?page_id=3006"},"modified":"2021-09-27T08:29:09","modified_gmt":"2021-09-27T08:29:09","slug":"software-edv","status":"publish","type":"page","link":"https:\/\/www.friedrich-spee-realschule-plus.de\/?page_id=3006","title":{"rendered":"Software &#038; EDV"},"content":{"rendered":"\n<hr class=\"wp-block-separator\"\/>\n\n\n\n<h3 class=\"wp-block-heading\">Microsoft 365 f\u00fcr alle Sch\u00fclerinnen und Sch\u00fcler unserer Schule<\/h3>\n\n\n\n<p>Ab dem Schuljahr 2020\/2021 erhalten alle Sch\u00fclerinnen und Sch\u00fclern unserer Schule eine kostenlose Microsoft 365 Lizenz.<\/p>\n\n\n\n<p>Das Microsoft 365-Package f\u00fcr Sch\u00fcler enth\u00e4lt Word, Excel, Powerpoint, OneNote, Access, Publisher, Outlook, &#8230; f\u00fcr Windows, Mac, iOs und Android (auf bis zu 5 PCs oder Mac und 5 mobilen Ger\u00e4ten wie Tablet oder Smartfone pro Haushalt).<br><\/p>\n\n\n\n<hr class=\"wp-block-separator\"\/>\n\n\n\n<h3 class=\"wp-block-heading\">Wichtige Infos \u00fcber &#8222;Gemeinfreie&#8220; Medien und &#8222;Creative Commons&#8220;<\/h3>\n\n\n\n<p>Was versteht man unter &#8222;Freie Medien&#8220; und Creative Commons (CC) und wie geht man damit um?<\/p>\n\n\n\n<p>Beim Erstellen von Publikationen, Pr\u00e4sentationen, Referaten, Artikeln, Filmen und Bewerbungen ist es sehr wichtig darauf zu achten,ob verwendete Medien (Bilder, Cliparts etc.) bestimmten Lizenzen unterliegen. H\u00e4lt man sich nicht daran, so ist dies ein Versto\u00df gegen das Urheberrecht und es kann zu Anzeigen und Abmahnungen kommen.<\/p>\n\n\n\n<p>Damit es nicht soweit kommt, haben wir hier einige Links zu sehr n\u00fctzlichen Informationsquellen zu diesem Thema zusammengestellt.<\/p>\n\n\n\n<ul class=\"wp-block-list\"><li><strong>Urheberrecht &#8211; Medien im Internet &#8211; Was ist erlaubt?<\/strong><br>der folgende Link f\u00fchrt zu einem Video mit integriertem Quiz und enth\u00e4lt sehr umfangreiche Infos:<br><a rel=\"noopener noreferrer\" href=\"https:\/\/www.moodletreff.de\/mod\/book\/view.php?id=14202\" target=\"_blank\">Umgang mit CC-Lizenzen und gemeinfreien Materialien<\/a><\/li><li>Erkl\u00e4rung der Creative Commons CC-Lizenzkombinationen<br><a rel=\"noopener noreferrer\" href=\"https:\/\/www.youtube.com\/watch?v=Qal5LlrffRw\" target=\"_blank\">Video \u00fcber die einzelnen CC-Lizenzen<\/a><\/li><li>CC-Materialien Suchen und Finden<br><a rel=\"noopener noreferrer\" href=\"https:\/\/www.youtube.com\/watch?v=UjYYpYkvOfY\" target=\"_blank\">Video \u00fcber verschiedene M\u00f6glichkeiten, Gemeinfreie und CC Medien zu finden.<\/a><\/li><\/ul>\n\n\n\n<ul class=\"wp-block-list\"><li><strong>Direkte Links zu einigen, in den Videos gezeigten Seiten.<\/strong><br><a rel=\"noopener noreferrer\" href=\"https:\/\/search.creativecommons.org\/\" target=\"_blank\">https:\/\/search.creativecommons.org\/<\/a><\/li><li><strong>Bilder Suche<br><\/strong>&nbsp;<a rel=\"noopener noreferrer\" href=\"https:\/\/pixabay.com\/\" target=\"_blank\">https:\/\/pixabay.com\/<\/a><br><a rel=\"noopener noreferrer\" href=\"https:\/\/gratisography.com\" target=\"_blank\">https:\/\/gratisography.com<\/a><br><a rel=\"noopener noreferrer\" href=\"https:\/\/unsplash.com\" target=\"_blank\">https:\/\/unsplash.com<\/a><br><a rel=\"noopener noreferrer\" href=\"https:\/\/commons.wikimedia.org\" target=\"_blank\">https:\/\/commons.wikimedia.org<\/a><\/li><li><strong>Clip Art Suche<br><\/strong> <a href=\"http:\/\/clipart-library.com\/openclipart.html\" target=\"_blank\" rel=\"noreferrer noopener\" aria-label=\"https:\/\/openclipart.or  (\u00f6ffnet in neuem Tab)\">https:\/\/openclipart.or <\/a><\/li><\/ul>\n\n\n\n<hr class=\"wp-block-separator is-style-wide\"\/>\n\n\n\n<h4 class=\"wp-block-heading\">Sch\u00fcler und Lehrer der Friedrich-Spee-Realschule plus Neumagen-Dhron k\u00f6nnen das Antivierenprogramm &#8222;GData InternetSecurity 2021&#8220; kostenfrei \u00fcber die Schule beziehen. Die Nutzung ist auch am privaten Bereich gestattet.<\/h4>\n\n\n\n<p>Zum Betrieb der Software werden noch Lizenzdaten bzw. -informationen ben\u00f6tigt.<br>Sie erhalten die schulspezifischen Zugangsdaten im Sekretariat der Schule.<\/p>\n\n\n\n<p class=\"alignnone\"> <\/p>\n\n\n\n<h2 class=\"wp-block-heading\">Download Links<\/h2>\n\n\n\n<p><strong>F\u00fcr Windows:<\/strong><\/p>\n\n\n\n<p><a href=\"https:\/\/secure.gd\/dl-de-is\" target=\"_blank\" rel=\"noopener noreferrer\">G DATA &#8211; Internet Security &#8211; Installationsdatei<\/a>&nbsp;<a href=\"https:\/\/secure.gd\/dl-de-is\" target=\"_blank\" rel=\"noopener noreferrer\"><br><\/a><a href=\"https:\/\/file.gdatasoftware.com\/web\/de\/documents\/manuals\/G_DATA_Manual_B2C_AV_IS_TP_German.pdf\" target=\"_blank\" rel=\"noopener noreferrer\">G DATA &#8211; Internet Security &#8211; Nutzerhandbuch<\/a><\/p>\n\n\n\n<p><a href=\"https:\/\/www.friedrich-spee-realschule-plus.de\/wp-content\/uploads\/2016\/11\/GDATA-Hinweise-und-Installation.pdf\" target=\"_blank\" rel=\"noopener noreferrer\"><span style=\"color: #000000;\"><strong><span style=\"color: #ff0000;\">G DATA &#8211; Wichtig &#8211;&nbsp;<\/span> Installationsanleitung unbedingt beachten!&nbsp; (einfach anklicken)<br><\/strong><\/span><\/a><\/p>\n\n\n\n<p><strong>F\u00fcr Mac OSX:<\/strong><br><a href=\"https:\/\/secure.gd\/dl-avmac\" target=\"_blank\" rel=\"noopener noreferrer\">G DATA &#8211; Internet Security &#8211; Installationsdatei<\/a><\/p>\n\n\n\n<p><span style=\"color: #000000;\"><a style=\"color: #000000;\" href=\"https:\/\/www.friedrich-spee-realschule-plus.de\/wp-content\/uploads\/2016\/11\/GDATA-Hinweise-und-Installation.pdf\" target=\"_blank\" rel=\"noopener noreferrer\"><strong><span style=\"color: #ff0000;\">G DATA &#8211; Wichtig &#8211;&nbsp;<\/span> Installationsanleitung unbedingt beachten! (einfach anklicken)<br><\/strong><\/a><\/span><\/p>\n\n\n\n<p><strong>F\u00fcr Android-Ger\u00e4te:<\/strong><br><a href=\"https:\/\/bildungsnetz.bildung-rp.de\/fileadmin\/user_upload\/mns.bildung-rp.de\/Anleitung_Android_2018.pdf\" target=\"_blank\" rel=\"noopener noreferrer\"><span style=\"color: #000000;\"><strong><span style=\"color: #ff0000;\">G DATA &#8211; Android &#8211;<\/span>&nbsp; Installationsanleitung unbedingt beachten! (einfach anklicken)<\/strong><\/span><\/a><\/p>\n","protected":false},"excerpt":{"rendered":"<p>Microsoft 365 f\u00fcr alle Sch\u00fclerinnen und Sch\u00fcler unserer Schule Ab dem Schuljahr 2020\/2021 erhalten alle Sch\u00fclerinnen und Sch\u00fclern unserer Schule eine kostenlose Microsoft 365 Lizenz. Das Microsoft 365-Package f\u00fcr Sch\u00fcler enth\u00e4lt Word, Excel, Powerpoint, OneNote, Access, Publisher, Outlook, &#8230; f\u00fcr Windows, Mac, iOs und Android (auf bis zu 5 PCs&#8230;<\/p>\n<p> <a class=\"continue-reading-link\" href=\"https:\/\/www.friedrich-spee-realschule-plus.de\/?page_id=3006\"><span>Weiter lesen ?<\/span><i class=\"crycon-right-dir\"><\/i><\/a> <\/p>\n","protected":false},"author":1,"featured_media":0,"parent":3259,"menu_order":1,"comment_status":"closed","ping_status":"closed","template":"templates\/template-twocolumns-right.php","meta":{"footnotes":""},"class_list":["post-3006","page","type-page","status-publish","hentry"],"_links":{"self":[{"href":"https:\/\/www.friedrich-spee-realschule-plus.de\/index.php?rest_route=\/wp\/v2\/pages\/3006","targetHints":{"allow":["GET"]}}],"collection":[{"href":"https:\/\/www.friedrich-spee-realschule-plus.de\/index.php?rest_route=\/wp\/v2\/pages"}],"about":[{"href":"https:\/\/www.friedrich-spee-realschule-plus.de\/index.php?rest_route=\/wp\/v2\/types\/page"}],"author":[{"embeddable":true,"href":"https:\/\/www.friedrich-spee-realschule-plus.de\/index.php?rest_route=\/wp\/v2\/users\/1"}],"replies":[{"embeddable":true,"href":"https:\/\/www.friedrich-spee-realschule-plus.de\/index.php?rest_route=%2Fwp%2Fv2%2Fcomments&post=3006"}],"version-history":[{"count":9,"href":"https:\/\/www.friedrich-spee-realschule-plus.de\/index.php?rest_route=\/wp\/v2\/pages\/3006\/revisions"}],"predecessor-version":[{"id":3889,"href":"https:\/\/www.friedrich-spee-realschule-plus.de\/index.php?rest_route=\/wp\/v2\/pages\/3006\/revisions\/3889"}],"up":[{"embeddable":true,"href":"https:\/\/www.friedrich-spee-realschule-plus.de\/index.php?rest_route=\/wp\/v2\/pages\/3259"}],"wp:attachment":[{"href":"https:\/\/www.friedrich-spee-realschule-plus.de\/index.php?rest_route=%2Fwp%2Fv2%2Fmedia&parent=3006"}],"curies":[{"name":"wp","href":"https:\/\/api.w.org\/{rel}","templated":true}]}}