{"id":2627,"date":"2019-01-13T11:29:01","date_gmt":"2019-01-13T11:29:01","guid":{"rendered":"https:\/\/www.friedrich-spee-realschule-plus.de\/?page_id=2627"},"modified":"2020-10-24T09:24:48","modified_gmt":"2020-10-24T09:24:48","slug":"praktika","status":"publish","type":"page","link":"https:\/\/www.friedrich-spee-realschule-plus.de\/?page_id=2627","title":{"rendered":"Praktika"},"content":{"rendered":"\n<figure class=\"wp-block-image\"><img decoding=\"async\" src=\"https:\/\/www.friedrich-spee-realschule-plus.de\/wp-content\/uploads\/2019\/01\/2019-%C3%9Cbersicht-Praktika.png\" alt=\"Dieses Bild hat ein leeres Alt-Attribut. Der Dateiname ist 2019-\u00dcbersicht-Praktika.png\"\/><\/figure>\n\n\n\n<h2 class=\"wp-block-heading\"><strong>SCHNUPPERPRAKTIKUM<\/strong><\/h2>\n\n\n\n<p>Jedes Schuljahr findet f\u00fcr die Klassenstufe 7 ein eint\u00e4giges Schnupperpraktikum statt. Damit soll den Jungen und M\u00e4dchen ein erster Einblick in die Berufs- und Arbeitswelt geboten werden.<br> Das Praktikum wird in der Schule durch den Berufswahlunterricht im Wahlpflichtfach vorbereitet und nach Abschluss ausgewertet. Im Fach Deutsch wird der Schnuppertag durch das Schreiben eines Berichts aufgegriffen. <\/p>\n\n\n\n<hr class=\"wp-block-separator\"\/>\n\n\n\n<h2 class=\"wp-block-heading\">BLOCKPRAKTIKUM I \/ Klasse 8<\/h2>\n\n\n\n<p>Ziel des ersten Blockpraktikums in Klasse 8 ist es, den Sch\u00fclerInnen berufsvorbereitende Einblicke in die Berufs- und Arbeitswelt sowie in ein spezifisch gew\u00e4hltes Berufsbild zu bieten. Die Sch\u00fclerInnen sollen sich unter fachlicher Anleitung der Betriebe mitarbeitend orientieren.<\/p>\n\n\n\n<p> Das Praktikum wird in der Schule durch den Berufswahlunterricht vorbereitet, durch Besuche eines Lehrers begleitet und nach Abschluss ausgewertet. Die Sch\u00fcler dokumentieren ihr Praktikum. Diese Dokumentation wird selbstst\u00e4ndig nach bekannten Kriterien erstellt.<\/p>\n\n\n\n<hr class=\"wp-block-separator\"\/>\n\n\n\n<h2 class=\"wp-block-heading\"> BLOCKPRAKTIKUM II \/<br> Klasse 9 qualifizierter Sekundarabschluss I <\/h2>\n\n\n\n<p>Auch im zweiten Blockpraktikum ist es unser Ziel, den Sch\u00fclerInnen berufsvorbereitende Einblicke in die Berufs -und Arbeitswelt sowie in ein spezifisch gew\u00e4hltes Berufsbild zu bieten. Die Sch\u00fclerInnen orientieren sich an den Erfahrungen des ersten Blockpraktikums und treffen deshalb eine bewusste Entscheidung bei der Wahl ihres zweiten Praktikumsberufes. Auch wenn das erste Praktikum erfolgreich und mit Begeisterung verlaufen ist, d\u00fcrfen die Sch\u00fclerInnen wissentlich und beabsichtigt das Praktikum des 8. Schuljahres nicht wiederholen. Somit wird eine gr\u00f6\u00dfere Bandbreite an Berufen bzw. Betrieben kennengelernt. Ratsam ist es, bei der Wahl des Praktikums darauf zu achten, dass das zweite Blockpraktikum in einer g\u00e4nzlich anderen Branche stattfindet. Sollte das erste Praktikum im Handwerk stattgefunden haben, so gilt es zu \u00fcberlegen, ob das zweite Praktikum z.B. im kaufm\u00e4nnischen Bereich, im sozialen Bereich oder in einer Verwaltung stattfinden kann.<\/p>\n\n\n\n<p>Auch das zweite Praktikum wird in der Schule durch Besuche eines Lehrers begleitet und nach Abschluss ausgewertet. Die Sch\u00fcler dokumentieren ihr Praktikum. Diese Dokumentation wird selbstst\u00e4ndig nach bekannten Kriterien erstellt. <br><\/p>\n","protected":false},"excerpt":{"rendered":"<p>SCHNUPPERPRAKTIKUM Jedes Schuljahr findet f\u00fcr die Klassenstufe 7 ein eint\u00e4giges Schnupperpraktikum statt. Damit soll den Jungen und M\u00e4dchen ein erster Einblick in die Berufs- und Arbeitswelt geboten werden. Das Praktikum wird in der Schule durch den Berufswahlunterricht im Wahlpflichtfach vorbereitet und nach Abschluss ausgewertet. Im Fach Deutsch wird der Schnuppertag&#8230;<\/p>\n<p> <a class=\"continue-reading-link\" href=\"https:\/\/www.friedrich-spee-realschule-plus.de\/?page_id=2627\"><span>Weiter lesen ?<\/span><i class=\"crycon-right-dir\"><\/i><\/a> <\/p>\n","protected":false},"author":1,"featured_media":0,"parent":2595,"menu_order":0,"comment_status":"closed","ping_status":"closed","template":"","meta":{"footnotes":""},"class_list":["post-2627","page","type-page","status-publish","hentry"],"_links":{"self":[{"href":"https:\/\/www.friedrich-spee-realschule-plus.de\/index.php?rest_route=\/wp\/v2\/pages\/2627","targetHints":{"allow":["GET"]}}],"collection":[{"href":"https:\/\/www.friedrich-spee-realschule-plus.de\/index.php?rest_route=\/wp\/v2\/pages"}],"about":[{"href":"https:\/\/www.friedrich-spee-realschule-plus.de\/index.php?rest_route=\/wp\/v2\/types\/page"}],"author":[{"embeddable":true,"href":"https:\/\/www.friedrich-spee-realschule-plus.de\/index.php?rest_route=\/wp\/v2\/users\/1"}],"replies":[{"embeddable":true,"href":"https:\/\/www.friedrich-spee-realschule-plus.de\/index.php?rest_route=%2Fwp%2Fv2%2Fcomments&post=2627"}],"version-history":[{"count":1,"href":"https:\/\/www.friedrich-spee-realschule-plus.de\/index.php?rest_route=\/wp\/v2\/pages\/2627\/revisions"}],"predecessor-version":[{"id":2629,"href":"https:\/\/www.friedrich-spee-realschule-plus.de\/index.php?rest_route=\/wp\/v2\/pages\/2627\/revisions\/2629"}],"up":[{"embeddable":true,"href":"https:\/\/www.friedrich-spee-realschule-plus.de\/index.php?rest_route=\/wp\/v2\/pages\/2595"}],"wp:attachment":[{"href":"https:\/\/www.friedrich-spee-realschule-plus.de\/index.php?rest_route=%2Fwp%2Fv2%2Fmedia&parent=2627"}],"curies":[{"name":"wp","href":"https:\/\/api.w.org\/{rel}","templated":true}]}}