{"id":2622,"date":"2019-01-13T11:26:53","date_gmt":"2019-01-13T11:26:53","guid":{"rendered":"https:\/\/www.friedrich-spee-realschule-plus.de\/?page_id=2622"},"modified":"2026-03-20T11:14:16","modified_gmt":"2026-03-20T10:14:16","slug":"potentialanalyse-profil-ac","status":"publish","type":"page","link":"https:\/\/www.friedrich-spee-realschule-plus.de\/?page_id=2622","title":{"rendered":"POTENTIALANALYSE &#8211; Profil AC"},"content":{"rendered":"\n<p> Die Potentialanalyse ist ein Verfahren zur Erfassung von individuellen F\u00e4higkeiten sowie zur Unterst\u00fctzung in der Berufsorientierung. Wir m\u00f6chten unseren Sch\u00fcler\/innen dabei helfen, sich fr\u00fchzeitig ihrer St\u00e4rken und Talente bewusst zu werden. Mit diesem Kompetenzanalyseverfahren werden die Sch\u00fcler\/innen auf ihrem pers\u00f6nlichen und beruflichen Weg unterst\u00fctzt.  <\/p>\n\n\n\n<p>\n\nDie Potentialanalyse wird an unserer Schule in den Klassenstufen 7 oder 8 durchgef\u00fchrt. Durch eine Kombination aus Gruppen- und Einzelaufgaben, computergest\u00fctzten Tests sowie einer Selbst- und Fremdeinsch\u00e4tzung wird f\u00fcr jedes Kind ein eigenes Kompetenzprofil erstellt. Dieses zeigt die individuellen St\u00e4rken in verschiedenen Kompetenzbereichen (Teamf\u00e4higkeit, Kommunikationsf\u00e4higkeit, Planungskompetenz, \u2026) sowie berufsfeldbezogene Kompetenzen wie handwerklich-technische F\u00e4higkeiten oder kreativ-sprachliche F\u00e4higkeiten. In einem indi-viduelles R\u00fcckmeldegespr\u00e4ch mit jedem Kind erfolgt eine ganzheitliche und st\u00e4rkenorientierte Beratung. F\u00fcr die Sch\u00fcler\/innen ist dies eine erste Orientierungshilfe bei der k\u00fcnftigen Be-rufswahl.\n\n<\/p>\n","protected":false},"excerpt":{"rendered":"<p>Die Potentialanalyse ist ein Verfahren zur Erfassung von individuellen F\u00e4higkeiten sowie zur Unterst\u00fctzung in der Berufsorientierung. Wir m\u00f6chten unseren Sch\u00fcler\/innen dabei helfen, sich fr\u00fchzeitig ihrer St\u00e4rken und Talente bewusst zu werden. Mit diesem Kompetenzanalyseverfahren werden die Sch\u00fcler\/innen auf ihrem pers\u00f6nlichen und beruflichen Weg unterst\u00fctzt. Die Potentialanalyse wird an unserer Schule&#8230;<\/p>\n<p> <a class=\"continue-reading-link\" href=\"https:\/\/www.friedrich-spee-realschule-plus.de\/?page_id=2622\"><span>Weiter lesen ?<\/span><i class=\"crycon-right-dir\"><\/i><\/a> <\/p>\n","protected":false},"author":1,"featured_media":0,"parent":2595,"menu_order":2,"comment_status":"closed","ping_status":"closed","template":"","meta":{"footnotes":""},"class_list":["post-2622","page","type-page","status-publish","hentry"],"_links":{"self":[{"href":"https:\/\/www.friedrich-spee-realschule-plus.de\/index.php?rest_route=\/wp\/v2\/pages\/2622","targetHints":{"allow":["GET"]}}],"collection":[{"href":"https:\/\/www.friedrich-spee-realschule-plus.de\/index.php?rest_route=\/wp\/v2\/pages"}],"about":[{"href":"https:\/\/www.friedrich-spee-realschule-plus.de\/index.php?rest_route=\/wp\/v2\/types\/page"}],"author":[{"embeddable":true,"href":"https:\/\/www.friedrich-spee-realschule-plus.de\/index.php?rest_route=\/wp\/v2\/users\/1"}],"replies":[{"embeddable":true,"href":"https:\/\/www.friedrich-spee-realschule-plus.de\/index.php?rest_route=%2Fwp%2Fv2%2Fcomments&post=2622"}],"version-history":[{"count":2,"href":"https:\/\/www.friedrich-spee-realschule-plus.de\/index.php?rest_route=\/wp\/v2\/pages\/2622\/revisions"}],"predecessor-version":[{"id":5506,"href":"https:\/\/www.friedrich-spee-realschule-plus.de\/index.php?rest_route=\/wp\/v2\/pages\/2622\/revisions\/5506"}],"up":[{"embeddable":true,"href":"https:\/\/www.friedrich-spee-realschule-plus.de\/index.php?rest_route=\/wp\/v2\/pages\/2595"}],"wp:attachment":[{"href":"https:\/\/www.friedrich-spee-realschule-plus.de\/index.php?rest_route=%2Fwp%2Fv2%2Fmedia&parent=2622"}],"curies":[{"name":"wp","href":"https:\/\/api.w.org\/{rel}","templated":true}]}}