{"id":2200,"date":"2018-05-24T07:37:49","date_gmt":"2018-05-24T07:37:49","guid":{"rendered":"https:\/\/www.friedrich-spee-realschule-plus.de\/?page_id=2200"},"modified":"2018-05-24T07:37:49","modified_gmt":"2018-05-24T07:37:49","slug":"rechtliches","status":"publish","type":"page","link":"https:\/\/www.friedrich-spee-realschule-plus.de\/?page_id=2200","title":{"rendered":"Rechtliches"},"content":{"rendered":"<hr \/>\n<h2>HAFTUNGSAUSSCHLUSS<\/h2>\n<p>Impressum gem\u00e4\u00df \u00a76 Teledienstegesetz (TDG), \u00a76 Mediendienste-Staatsvertrag (MDSTv) sowie \u00a74 Abs. 3 Bundesdatenschutzgesetz.<\/p>\n<p>F\u00fcr namentlich gekennzeichnete Artikel innerhalb dieses Dienstes ist der jeweilige Autor verantwortlich. Diese Artikel stellen die Meinung dieses Autors dar und spiegeln nicht grunds\u00e4tzlich die Meinung des Seitenbetreibers dar. Bei einer Verletzung von fremden Urheberrecht oder sonstiger Rechte durch den Seitenbetreiber oder eines Autors ist auf die Verletzung per E-Mail hinzuweisen. Bei Bestehen einer Verletzung wird diese umgehend beseitigt. Schreib- und Satzfehler, Verf\u00fcgbarkeit und Irrtum vorbehalten. Alle Angaben innerhalb dieses Dienstes ohne Gew\u00e4hr.<\/p>\n<p>www.friedrich-spee-realschule-plus.de \u00fcbernimmt keinerlei Haftung f\u00fcr Sch\u00e4den, die durch das System (die Internetseite) oder die angeboten Dateien entstehen. Alle Dateien sind auf Viren gepr\u00fcft. Der Benutzer wird hiermit darauf hingewiesen, selber die Dateien auf Viren und \u00e4hnliches zu pr\u00fcfen. Eine Garantie f\u00fcr die Sicherheit der Dateien kann nicht gegeben werden, da diese Dateien meist nicht aus unserer Produktion stammen.<\/p>\n<p>Auch kann keine Garantie \u00fcbernommen werden f\u00fcr die Erreichbarkeit unseres Services und von Dateien. Es wird jedoch eine h\u00f6chstm\u00f6gliche Erreichbarkeit angestrebt. Diese kann technisch jedoch nicht immer realisiert werden. Das Herunterladen, die Installation und die Verwendung der Programme, die unter www.friedrich-spee-realschule-plus.de aufgef\u00fchrt werden, erfolgt auf eigene Gefahr! Der Betreiber \u00fcbernimmt keine Gew\u00e4hrleistung oder Haftung f\u00fcr etwaige Sch\u00e4den, Folgesch\u00e4den oder Ausf\u00e4lle, die entstehen k\u00f6nnen. Dieser Service wird jedem Benutzer er\u00f6ffnet, der sich an die folgenden Bedingungen h\u00e4lt und diese akzeptiert.<\/p>\n<p>Keine Kosten entstehen, ohne dass der Benutzer ausdr\u00fccklich darauf hingewiesen wird. Alle Informationen, Firmenzeichen, Texte, Programme, Grafiken und Bilder unterliegen dem Urheberrecht. Alle benutzen Warenzeichen und Firmenbezeichnungen unterliegen dem Copyright der jeweiligen Firmen.<\/p>\n<p>Bei unseren externen Links handelt es sich um eine subjektive Auswahl von Verweisen auf andere Internetseiten. F\u00fcr den Inhalt dieser Seiten sind die jeweiligen Betreiber \/ Verfasser selbst verantwortlich und haftbar. Von etwaigen illegalen, pers\u00f6nlichkeitsverletzenden, moralisch oder ethisch anst\u00f6\u00dfigen Inhalten distanzieren wir uns in aller Deutlichkeit. Bitte informieren Sie uns, wenn wir auf ein solches Angebot linken sollten.<\/p>\n<p>www.friedrich-spee-realschule-plus.de ist als Inhaltsanbieter f\u00fcr die eigenen Inhalte, die er zur Nutzung bereith\u00e4lt, nach den allgemeinen Gesetzen verantwortlich. Von diesen eigenen Inhalten sind Querverweise (Links) auf die von anderen Anbietern bereitgehaltenen Inhalte zu unterscheiden. F\u00fcr diese fremden Inhalte ist www.friedrich-spee-realschule-plus.de nur dann verantwortlich, wenn von ihnen (ergo auch von einem rechtswidrigen bzw. strafbaren Inhalt) positive Kenntnis vorliegt und es technisch m\u00f6glich und zumutbar ist, deren Nutzung zu verhindern (\u00a75 Abs. 2 TDG).<\/p>\n<p>Bei Links handelt es sich stets um dynamische Verweise. Bei der erstmaligen Verkn\u00fcpfung hat die Redaktion zwar den fremden Inhalt daraufhin \u00fcberpr\u00fcft, ob durch ihn eine m\u00f6gliche zivilrechtliche oder strafrechtliche Verantwortlichkeit ausgel\u00f6st wird, jedoch ist der Inhaltsanbieter nach dem Teledienstgesetz nicht dazu verpflichtet, die Inhalte, auf die er in seinem Angebot verweist, st\u00e4ndig auf Ver\u00e4nderungen zu \u00fcberpr\u00fcfen, die eine Verantwortlichkeit neu begr\u00fcnden k\u00f6nnten.<\/p>\n<p>Erst wenn er feststellt oder von anderen darauf hingewiesen wird, dass ein konkretes Angebot, zu dem er einen Link bereitgestellt hat, eine zivil- oder strafrechtliche Verantwortlichkeit ausl\u00f6st, wird er den Verweis auf dieses Angebot aufheben, soweit ihm dies technisch m\u00f6glich und zumutbar ist. Die technische M\u00f6glichkeit und Zumutbarkeit wird nicht dadurch beeinflusst, dass auch nach Unterbindung des Zugriffs von www.friedrich-spee-realschule-plus.de von anderen Servern aus auf das rechtswidrige oder<\/p>\n","protected":false},"excerpt":{"rendered":"<p>HAFTUNGSAUSSCHLUSS Impressum gem\u00e4\u00df \u00a76 Teledienstegesetz (TDG), \u00a76 Mediendienste-Staatsvertrag (MDSTv) sowie \u00a74 Abs. 3 Bundesdatenschutzgesetz. F\u00fcr namentlich gekennzeichnete Artikel innerhalb dieses Dienstes ist der jeweilige Autor verantwortlich. Diese Artikel stellen die Meinung dieses Autors dar und spiegeln nicht grunds\u00e4tzlich die Meinung des Seitenbetreibers dar. Bei einer Verletzung von fremden Urheberrecht oder&#8230;<\/p>\n<p> <a class=\"continue-reading-link\" href=\"https:\/\/www.friedrich-spee-realschule-plus.de\/?page_id=2200\"><span>Weiter lesen ?<\/span><i class=\"crycon-right-dir\"><\/i><\/a> <\/p>\n","protected":false},"author":1,"featured_media":0,"parent":0,"menu_order":0,"comment_status":"closed","ping_status":"closed","template":"","meta":{"footnotes":""},"class_list":["post-2200","page","type-page","status-publish","hentry"],"_links":{"self":[{"href":"https:\/\/www.friedrich-spee-realschule-plus.de\/index.php?rest_route=\/wp\/v2\/pages\/2200","targetHints":{"allow":["GET"]}}],"collection":[{"href":"https:\/\/www.friedrich-spee-realschule-plus.de\/index.php?rest_route=\/wp\/v2\/pages"}],"about":[{"href":"https:\/\/www.friedrich-spee-realschule-plus.de\/index.php?rest_route=\/wp\/v2\/types\/page"}],"author":[{"embeddable":true,"href":"https:\/\/www.friedrich-spee-realschule-plus.de\/index.php?rest_route=\/wp\/v2\/users\/1"}],"replies":[{"embeddable":true,"href":"https:\/\/www.friedrich-spee-realschule-plus.de\/index.php?rest_route=%2Fwp%2Fv2%2Fcomments&post=2200"}],"version-history":[{"count":1,"href":"https:\/\/www.friedrich-spee-realschule-plus.de\/index.php?rest_route=\/wp\/v2\/pages\/2200\/revisions"}],"predecessor-version":[{"id":2201,"href":"https:\/\/www.friedrich-spee-realschule-plus.de\/index.php?rest_route=\/wp\/v2\/pages\/2200\/revisions\/2201"}],"wp:attachment":[{"href":"https:\/\/www.friedrich-spee-realschule-plus.de\/index.php?rest_route=%2Fwp%2Fv2%2Fmedia&parent=2200"}],"curies":[{"name":"wp","href":"https:\/\/api.w.org\/{rel}","templated":true}]}}