{"id":215,"date":"2014-10-19T21:29:10","date_gmt":"2014-10-19T21:29:10","guid":{"rendered":"http:\/\/fsr.holgerschwab.de\/?page_id=215"},"modified":"2025-05-27T18:50:31","modified_gmt":"2025-05-27T16:50:31","slug":"schulsozialarbeit","status":"publish","type":"page","link":"https:\/\/www.friedrich-spee-realschule-plus.de\/?page_id=215","title":{"rendered":"Schulsozialarbeit"},"content":{"rendered":"\n<h3 class=\"wp-block-heading\">Isabel Conrad-Ittenbach<\/h3>\n\n\n\n<p><strong>B\u00fcro:<\/strong><br>Montag-Donnerstag: 7.00 \u2013 16.00 Uhr<\/p>\n\n\n\n<p>Freitag: 7.00 \u2013 13.30 Uhr<\/p>\n\n\n\n<p><strong>Mail:<\/strong>\u00a0<a href=\"&#x6d;&#x61;&#105;&#108;t&#x6f;&#x3a;&#x69;&#115;ab&#x65;&#x6c;&#46;&#99;o&#x6e;&#x72;&#x61;&#100;-i&#x74;&#x74;&#101;&#110;b&#x61;&#x63;&#x68;&#64;pa&#x6c;&#x61;&#105;&#115;-&#x65;&#x76;&#x2e;&#100;&#101;\">&#105;&#x73;a&#x62;&#x65;&#108;&#x2e;c&#x6f;&#x6e;&#114;&#x61;d&#x2d;&#x69;&#116;&#x74;e&#x6e;&#x62;&#97;&#x63;h&#x40;&#x70;&#97;&#x6c;a&#x69;&#x73;&#45;&#x65;v&#x2e;&#x64;&#101;<\/a> <br>Tel. 06507 \/ 926451\u00a0\u00a0\u00a0 Fax 06507 \/ 926420<\/p>\n\n\n\n<h2 class=\"wp-block-heading\">Schulsozialarbeit ist eine Unterst\u00fctzung f\u00fcr Sch\u00fcler, Eltern und Lehrer.<\/h2>\n\n\n\n<h2 class=\"wp-block-heading\">Ihre Aufgaben :<\/h2>\n\n\n\n<h3 class=\"wp-block-heading\">Individuelle Unterst\u00fctzung von Sch\u00fclerinnen und Sch\u00fcler<\/h3>\n\n\n\n<p>Die Arbeit von Frau Hermanns besteht darin, f\u00fcr die Belange der Sch\u00fcler und Sch\u00fclerinnen da zu sein. Die Probleme und Hilfegesuche k\u00f6nnen aus den unterschiedlichsten Bereichen kommen, wie z.B. \u00c4rger mit Mitsch\u00fclern, Mobbing, Schwierigkeiten mit Lehrern, schlechte Noten, Stress mit den Eltern, Sucht- und Drogenproblematiken, Gewalterfahrungen\u2026 Einzelgespr\u00e4che basieren immer auf Vertraulichkeit und Freiwilligkeit.<\/p>\n\n\n\n<h3 class=\"wp-block-heading\">Gruppenarbeit<\/h3>\n\n\n\n<p>In der sozialp\u00e4dagogischen Gruppenarbeit stehen die sozialen Lernerfahrungen sowie die Pers\u00f6nlichkeitsbildung im Vordergrund.<br>In Kooperation mit den Lehrerinnen und Lehrern bieten Frau Hermanns soziale Klassentrainings sowie Projekte zu klassenspezifischen Themen an.<\/p>\n\n\n\n<h3 class=\"wp-block-heading\">Sch\u00fclerpaten<\/h3>\n\n\n\n<p>Damit sich unsere F\u00fcnftkl\u00e4ssler schnell an unserer Schule zurechtfinden und sich wohlf\u00fchlen, werden sie in ihrer ersten Zeit von \u00e4lteren Sch\u00fclerinnen und Sch\u00fclern, den Paten, unterst\u00fctzt. Paten helfen, wenn sich die Sch\u00fcler an der Bushaltestelle orientieren m\u00fcssen, wenn sie R\u00e4ume in der Schule nicht finden und bei allem, worin sie Hilfe ben\u00f6tigen. Gleich in der ersten Schulwoche findet ein erstes Kennenlerntreffen statt. Angeleitet wird die Sch\u00fclerpatenschaft von der Schulsozialarbeit.<\/p>\n\n\n[subpages]\n","protected":false},"excerpt":{"rendered":"<p>Isabel Conrad-Ittenbach B\u00fcro:Montag-Donnerstag: 7.00 \u2013 16.00 Uhr Freitag: 7.00 \u2013 13.30 Uhr Mail:\u00a0i&#115;&#97;&#x62;&#x65;&#x6c;&#x2e;c&#111;&#110;&#114;&#x61;&#x64;&#x2d;it&#116;&#101;&#x6e;&#x62;&#x61;ch&#64;&#112;&#x61;&#x6c;&#x61;is&#45;&#101;&#x76;&#x2e;&#x64;e Tel. 06507 \/ 926451\u00a0\u00a0\u00a0 Fax 06507 \/ 926420 Schulsozialarbeit ist eine Unterst\u00fctzung f\u00fcr Sch\u00fcler, Eltern und Lehrer. Ihre Aufgaben : Individuelle Unterst\u00fctzung von Sch\u00fclerinnen und Sch\u00fcler Die Arbeit von Frau Hermanns besteht darin, f\u00fcr die Belange der&#8230;<\/p>\n<p> <a class=\"continue-reading-link\" href=\"https:\/\/www.friedrich-spee-realschule-plus.de\/?page_id=215\"><span>Weiter lesen ?<\/span><i class=\"crycon-right-dir\"><\/i><\/a> <\/p>\n","protected":false},"author":6,"featured_media":0,"parent":0,"menu_order":0,"comment_status":"closed","ping_status":"closed","template":"templates\/template-onecolumn.php","meta":{"footnotes":""},"class_list":["post-215","page","type-page","status-publish","hentry"],"_links":{"self":[{"href":"https:\/\/www.friedrich-spee-realschule-plus.de\/index.php?rest_route=\/wp\/v2\/pages\/215","targetHints":{"allow":["GET"]}}],"collection":[{"href":"https:\/\/www.friedrich-spee-realschule-plus.de\/index.php?rest_route=\/wp\/v2\/pages"}],"about":[{"href":"https:\/\/www.friedrich-spee-realschule-plus.de\/index.php?rest_route=\/wp\/v2\/types\/page"}],"author":[{"embeddable":true,"href":"https:\/\/www.friedrich-spee-realschule-plus.de\/index.php?rest_route=\/wp\/v2\/users\/6"}],"replies":[{"embeddable":true,"href":"https:\/\/www.friedrich-spee-realschule-plus.de\/index.php?rest_route=%2Fwp%2Fv2%2Fcomments&post=215"}],"version-history":[{"count":24,"href":"https:\/\/www.friedrich-spee-realschule-plus.de\/index.php?rest_route=\/wp\/v2\/pages\/215\/revisions"}],"predecessor-version":[{"id":5268,"href":"https:\/\/www.friedrich-spee-realschule-plus.de\/index.php?rest_route=\/wp\/v2\/pages\/215\/revisions\/5268"}],"wp:attachment":[{"href":"https:\/\/www.friedrich-spee-realschule-plus.de\/index.php?rest_route=%2Fwp%2Fv2%2Fmedia&parent=215"}],"curies":[{"name":"wp","href":"https:\/\/api.w.org\/{rel}","templated":true}]}}