{"id":178,"date":"2014-10-19T17:53:01","date_gmt":"2014-10-19T17:53:01","guid":{"rendered":"http:\/\/fsr.holgerschwab.de\/?page_id=178"},"modified":"2020-11-01T15:12:59","modified_gmt":"2020-11-01T15:12:59","slug":"unser-logo","status":"publish","type":"page","link":"https:\/\/www.friedrich-spee-realschule-plus.de\/?page_id=178","title":{"rendered":"Unser Logo"},"content":{"rendered":"\n<h2 class=\"wp-block-heading\">Der Hahn tritt das Feuer aus<\/h2>\n\n\n\n<div class=\"wp-block-image\"><figure class=\"alignleft\"><a href=\"http:\/\/fsr.holgerschwab.de\/wp-content\/uploads\/2014\/10\/FSR-.jpg\"><img loading=\"lazy\" decoding=\"async\" width=\"150\" height=\"154\" src=\"http:\/\/fsr.holgerschwab.de\/wp-content\/uploads\/2014\/10\/FSR-.jpg\" alt=\"FSR+\" class=\"wp-image-119\" srcset=\"https:\/\/www.friedrich-spee-realschule-plus.de\/wp-content\/uploads\/2014\/10\/FSR-.jpg 150w, https:\/\/www.friedrich-spee-realschule-plus.de\/wp-content\/uploads\/2014\/10\/FSR--146x150.jpg 146w\" sizes=\"auto, (max-width: 150px) 100vw, 150px\" \/><\/a><\/figure><\/div>\n\n\n\n<p><br>Der rote Hahn ist das Wappentier der Herren Spee von Langenfeld, die Amtm\u00e4nner, Burgv\u00f6gte und Kommandanten auf der Festung Kaiserswerth waren, wo Friedrich Spee am 25.02.1591 geboren wurde.<\/p>\n\n\n\n<p>Die Symbolik des Hahns ist vieldeutig: In der Antike verk\u00f6rpert er z.B. die Tapferkeit. Auf dem Dach soll die Nachbildung eines Hahns als W\u00e4chter gegen das ihm symbolisch nahestehende Feuer dienen. Der Hahn auf dem Kirchturm hat neben seiner Funktion, Blitz und Hagel abzuwehren, auch die Bedeutung von Wachsamkeit und ist K\u00fcnder des &#8222;wahren Lichtes&#8220;: Jesus Christus.<\/p>\n\n\n\n<p>Unser Logo ist ein Hinweis auf die Herkunft Friedrich Spees, seinen mutigen Kampf gegen den Hexenwahn und gegen jeglichen Missbrauch der Obrigkeit, der kirchlichen oder der weltlichen.<\/p>\n\n\n\n<p>Der Hahn ist bewusst vermenschlicht (Auge, Krone). Spee k\u00e4mpfte gegen Vorurteile, Ungerechtigkeit und Unmenschlichkeit, was uns auch heute noch st\u00e4ndiges Anliegen sein muss.<\/p>\n\n\n\n<p>Das Feuer steht im \u00fcbertragenen Sinne f\u00fcr aufkeimende Ungerechtigkeit, Gewalt und Intoleranz. Es gilt, wachsam zu sein, sich aktiv und mutig gegen Voreingenommenheit und einseitige Sichtweisen zu wehren (das Feuer auszutreten). Wie Spee m\u00fcssen wir auch in unserer modernen Gesellschaft mit Widerspr\u00fcchen leben, m\u00fcssen uns entscheiden, handeln und Eigenverantwortung tragen.<\/p>\n\n\n\n<p>K\u00fcnstlerische Gestaltung: Erika Kuhn<br>Text: Hermann Erschens, Doris Hermesdorf<\/p>\n","protected":false},"excerpt":{"rendered":"<p>Der Hahn tritt das Feuer aus Der rote Hahn ist das Wappentier der Herren Spee von Langenfeld, die Amtm\u00e4nner, Burgv\u00f6gte und Kommandanten auf der Festung Kaiserswerth waren, wo Friedrich Spee am 25.02.1591 geboren wurde. Die Symbolik des Hahns ist vieldeutig: In der Antike verk\u00f6rpert er z.B. die Tapferkeit. Auf dem&#8230;<\/p>\n<p> <a class=\"continue-reading-link\" href=\"https:\/\/www.friedrich-spee-realschule-plus.de\/?page_id=178\"><span>Weiter lesen ?<\/span><i class=\"crycon-right-dir\"><\/i><\/a> <\/p>\n","protected":false},"author":1,"featured_media":0,"parent":175,"menu_order":5,"comment_status":"closed","ping_status":"closed","template":"templates\/template-onecolumn.php","meta":{"footnotes":""},"class_list":["post-178","page","type-page","status-publish","hentry"],"_links":{"self":[{"href":"https:\/\/www.friedrich-spee-realschule-plus.de\/index.php?rest_route=\/wp\/v2\/pages\/178","targetHints":{"allow":["GET"]}}],"collection":[{"href":"https:\/\/www.friedrich-spee-realschule-plus.de\/index.php?rest_route=\/wp\/v2\/pages"}],"about":[{"href":"https:\/\/www.friedrich-spee-realschule-plus.de\/index.php?rest_route=\/wp\/v2\/types\/page"}],"author":[{"embeddable":true,"href":"https:\/\/www.friedrich-spee-realschule-plus.de\/index.php?rest_route=\/wp\/v2\/users\/1"}],"replies":[{"embeddable":true,"href":"https:\/\/www.friedrich-spee-realschule-plus.de\/index.php?rest_route=%2Fwp%2Fv2%2Fcomments&post=178"}],"version-history":[{"count":5,"href":"https:\/\/www.friedrich-spee-realschule-plus.de\/index.php?rest_route=\/wp\/v2\/pages\/178\/revisions"}],"predecessor-version":[{"id":3636,"href":"https:\/\/www.friedrich-spee-realschule-plus.de\/index.php?rest_route=\/wp\/v2\/pages\/178\/revisions\/3636"}],"up":[{"embeddable":true,"href":"https:\/\/www.friedrich-spee-realschule-plus.de\/index.php?rest_route=\/wp\/v2\/pages\/175"}],"wp:attachment":[{"href":"https:\/\/www.friedrich-spee-realschule-plus.de\/index.php?rest_route=%2Fwp%2Fv2%2Fmedia&parent=178"}],"curies":[{"name":"wp","href":"https:\/\/api.w.org\/{rel}","templated":true}]}}